{"id":22292,"date":"2022-06-08T15:17:59","date_gmt":"2022-06-08T15:17:59","guid":{"rendered":"https:\/\/www.artigo.com\/condiciones-de-uso-2\/"},"modified":"2024-03-07T11:06:33","modified_gmt":"2024-03-07T11:06:33","slug":"condiciones-de-uso-2","status":"publish","type":"page","link":"https:\/\/www.artigo.com\/es\/condiciones-de-uso-2\/","title":{"rendered":"Condiciones de uso"},"content":{"rendered":"\t\t<div data-elementor-type=\"wp-page\" data-elementor-id=\"22292\" class=\"elementor elementor-22292 elementor-22260\" data-elementor-post-type=\"page\">\n\t\t\t\t\t\t<section class=\"elementor-section elementor-top-section elementor-element elementor-element-4d3c9ca elementor-section-boxed elementor-section-height-default elementor-section-height-default\" data-id=\"4d3c9ca\" data-element_type=\"section\" data-e-type=\"section\">\n\t\t\t\t\t\t<div class=\"elementor-container elementor-column-gap-default\">\n\t\t\t\t\t<div class=\"elementor-column elementor-col-100 elementor-top-column elementor-element elementor-element-849aba7\" data-id=\"849aba7\" data-element_type=\"column\" data-e-type=\"column\">\n\t\t\t<div class=\"elementor-widget-wrap elementor-element-populated\">\n\t\t\t\t\t\t<div class=\"elementor-element elementor-element-ed2534b elementor-widget elementor-widget-text-editor\" data-id=\"ed2534b\" data-element_type=\"widget\" data-e-type=\"widget\" data-widget_type=\"text-editor.default\">\n\t\t\t\t<div class=\"elementor-widget-container\">\n\t\t\t\t\t\t\t\t\t<span><span><a href=\"https:\/\/www.artigo.com\/es\/\">Home<\/a><\/span><\/span>\n\t\t\t\t\t\t\t\t<\/div>\n\t\t\t\t<\/div>\n\t\t\t\t\t<\/div>\n\t\t<\/div>\n\t\t\t\t\t<\/div>\n\t\t<\/section>\n\t\t\t\t<section class=\"elementor-section elementor-top-section elementor-element elementor-element-7b2f419 elementor-section-boxed elementor-section-height-default elementor-section-height-default\" data-id=\"7b2f419\" data-element_type=\"section\" data-e-type=\"section\">\n\t\t\t\t\t\t<div class=\"elementor-container elementor-column-gap-default\">\n\t\t\t\t\t<div class=\"elementor-column elementor-col-100 elementor-top-column elementor-element elementor-element-9a4c48b\" data-id=\"9a4c48b\" data-element_type=\"column\" data-e-type=\"column\">\n\t\t\t<div class=\"elementor-widget-wrap elementor-element-populated\">\n\t\t\t\t\t\t<div class=\"elementor-element elementor-element-e96bd63 elementor-widget elementor-widget-text-editor\" data-id=\"e96bd63\" data-element_type=\"widget\" data-e-type=\"widget\" data-widget_type=\"text-editor.default\">\n\t\t\t\t<div class=\"elementor-widget-container\">\n\t\t\t\t\t\t\t\t\t<h2><strong>CONDICIONES DE USO<\/strong><\/h2>\n<p><strong>Objeto<\/strong><\/p>\n<p>Estas condiciones generales de uso relativas al acceso y uso del sitio Artigo.com, al que se accede a trav\u00e9s de la url: www.artigo.com, se rigen de la manera siguiente.<\/p>\n<p>Este sitio web es propiedad de la empresa Artigo S.p.a, representada por su administrador pro tempore (en adelante, el \u00abTitular\u00bb), via Cortemilia 32 \u2013 Carpeneto 17014 \u2013 Cairo Montenotte (SV), CIF: 01180390096, registrada en el REA, n\u00famero SV 116897.<\/p>\n<p>El acceso a este sitio web y su uso presuponen la lectura, conocimiento y aceptaci\u00f3n de las presentes condiciones generales de uso.<\/p>\n<p><strong>Cambios en las condiciones de uso<\/strong><\/p>\n<p>El Titular puede modificar o simplemente actualizar, total o parcialmente, estas condiciones de uso. Las modificaciones y actualizaciones de estas condiciones podr\u00e1n ser notificadas a los usuarios a trav\u00e9s de la p\u00e1gina inicial tan pronto como se implementen y ser\u00e1n vinculantes tan pronto como se publiquen en esta secci\u00f3n del sitio web.<\/p>\n<p><strong>Propriedad intelectual<\/strong><\/p>\n<p>Los contenidos del sitio como, por ejemplo, obras, im\u00e1genes, fotograf\u00edas, di\u00e1logos, m\u00fasica, sonidos y v\u00eddeos, documentos, dise\u00f1os, figuras, logotipos y cualquier otro material, en cualquier formato, publicado en el sitio, incluyendo men\u00fas, p\u00e1ginas web, gr\u00e1fica, colores, esquemas, herramientas, caracteres y dise\u00f1o del sitio web, diagramas, dise\u00f1os, m\u00e9todos, procesos, funciones y software que forman parte del sitio, est\u00e1n protegidos por derechos de autor y por todos los dem\u00e1s derechos de propiedad intelectual del titular o de posibles terceros contratados por \u00e9l. Est\u00e1 prohibida cualquier forma de reproducci\u00f3n, ya sea total o parcial, de este sitio web y de su contenido, sin el consentimiento expreso y por escrito del titular.<\/p>\n<p>El usuario solamente est\u00e1 autorizado a visualizar el sitio web y sus contenidos empleando los servicios disponibles en el mismo. El usuario tambi\u00e9n est\u00e1 autorizado a realizar todos los actos de reproducci\u00f3n temporal, que no tengan trascendencia econ\u00f3mica, que se consideren transitorios o accesorios, parte integrante y esencial de la misma visualizaci\u00f3n y uso de este sitio web y sus contenidos, y todas las operaciones de navegaci\u00f3n realizadas mediante un uso leg\u00edtimo del mismo.<\/p>\n<p>El usuario no est\u00e1 autorizado a reproducir, total o parcialmente, este sitio web y su contenido en ning\u00fan medio. Toda actividad de reproducci\u00f3n deber\u00e1 ser autorizada en cada caso por el titular o, si procede, por los autores de las obras individuales contenidas en el sitio. Estas operaciones de reproducci\u00f3n deber\u00e1n realizarse, en todo caso, con fines l\u00edcitos y respetando los derechos de autor y otros derechos de propiedad intelectual, as\u00ed como los de los autores de las obras individuales contenidas en el sitio.<\/p>\n<p><strong>Uso del sitio y responsabilidad del usuario<\/strong><\/p>\n<p>El acceso y uso del sitio, la visualizaci\u00f3n de p\u00e1ginas web, incluyendo la comunicaci\u00f3n con el propietario, son actividades realizadas por el usuario exclusivamente para uso personal, no relacionado con ning\u00fan tipo de actividad comercial, empresarial ni profesional.<\/p>\n<p>El usuario es responsable del uso de este sitio y de su contenido. De hecho, el titular no se hace responsable de un uso no conforme a la normativa vigente que hagan los usuarios de este sitio web y de sus contenidos, sin perjuicio de la responsabilidad por dolo y negligencia grave. En particular, el usuario ser\u00e1 el \u00fanico responsable de facilitar informaci\u00f3n y datos incorrectos, falsos o relacionados con terceros (sin su consentimiento), como tambi\u00e9n ser\u00e1 responsable del uso incorrecto de los mismos.<\/p>\n<p>Cualquier material descargado u obtenido utilizando este servicio es a discreci\u00f3n y riesgo del usuario, que ser\u00e1 el \u00fanico responsable de cualquier da\u00f1o que sufran los sistemas inform\u00e1ticos o p\u00e9rdida de datos debidos a dichas descargas; responsabilidad que no podr\u00e1 imputarse al titular.<\/p>\n<p>El titular declina toda responsabilidad por cualquier da\u00f1o derivado de la inaccesibilidad a los servicios del sitio o por cualquier da\u00f1o causado por virus, archivos da\u00f1ados, errores, omisiones, interrupciones del servicio, borrado de contenidos, problemas con la red, proveedores o conexiones telef\u00f3nicas y\/o telem\u00e1ticas, acceso no autorizado, alteraci\u00f3n de datos, fallo y\/o mal funcionamiento de los equipos electr\u00f3nicos del usuario.<\/p>\n<p>El usuario es responsable de salvaguardar y utilizar correctamente sus datos personales, incluidas las credenciales que permiten acceder a los servicios reservados, as\u00ed como de cualquier consecuencia perjudicial o da\u00f1o que pudiera ocasionarse al titular o a terceros como consecuencia de un uso incorrecto, p\u00e9rdida o robo de dicha informaci\u00f3n.<\/p>\n<p>El titular ha tomado todas las medidas razonables para evitar que en el sitio se publiquen contenidos e im\u00e1genes que puedan considerarse contrarios al decoro, a los derechos humanos y a la dignidad de las personas, en todas sus formas y manifestaciones posibles. En cualquier caso, si los contenidos mencionados anteriormente se consideran perjudiciales para la sensibilidad religiosa o \u00e9tica o para el decoro, se ruega al usuario afectado que comunique esta circunstancia al propietario, quien, no obstante, le advierte que el usuario accede a los contenidos considerados perjudiciales u ofensivos a su entera discreci\u00f3n y bajo su propia y exclusiva y responsabilidad.<\/p>\n<p>El titular tambi\u00e9n ha tomado todas las precauciones para asegurarse de que toda la informaci\u00f3n de este sitio web sea correcta, completa y actualizada. A pesar de ello, no se asume ninguna responsabilidad con los usuarios acerca de la exactitud e integridad del contenido publicado en el sitio, salvo disposici\u00f3n contraria de la ley. Si un usuario encuentra errores en este sitio web o faltan actualizaciones, rogamos lo comunique al titular escribiendo un correo a: <a href=\"mailto:sito@artigo.com\">sito@artigo.com<\/a>.<\/p>\n<p><strong>Exclusi\u00f3n de responsabilidad<\/strong><\/p>\n<p>Tal y como se ha especificado anteriormente, el titular mantiene y atiende este sitio web y su contenido con la m\u00e1xima diligencia. No obstante, no se asume ninguna responsabilidad por la exactitud, integridad y actualizaci\u00f3n de los datos e informaci\u00f3n facilitados en el sitio o sitios vinculados al mismo. Por lo tanto, queda excluida toda responsabilidad por error u omisi\u00f3n resultante del uso de los datos y la informaci\u00f3n del sitio.<\/p>\n<p>El propietario declina toda responsabilidad, incluida la presencia de errores, la correcci\u00f3n de errores, la responsabilidad del servidor que alberga el sitio; as\u00ed como tampoco se responsabiliza del uso de la informaci\u00f3n contenida en dicho sitio web, de su exactitud ni de su fiabilidad. Bajo ninguna circunstancia, incluida la negligencia, el propietario ser\u00e1 responsable de ning\u00fan da\u00f1o directo o indirecto que pueda resultar del uso o de la imposibilidad de usar los materiales de este sitio web.<\/p>\n<p><strong>Restricciones en la prestaci\u00f3n del servicio<\/strong><\/p>\n<p>El propietario no podr\u00e1 ser considerado responsable de los da\u00f1os derivados de la no prestaci\u00f3n del servicio debido a un funcionamiento incorrecto o inapropiado de los medios electr\u00f3nicos de comunicaci\u00f3n por razones ajenas a su control previsible. A t\u00edtulo de ejemplo podemos citar el mal funcionamiento de los servidores y otros dispositivos electr\u00f3nicos, incluidos los que no forman parte integrante de la red de Internet, el mal funcionamiento de los programas inform\u00e1ticos instalados, los virus inform\u00e1ticos sobre la posible presencia de virus u otros componentes inform\u00e1ticos nocivos y da\u00f1inos, as\u00ed como las acciones de piratas inform\u00e1ticos u otros usuarios con acceso a la red. Por lo tanto, el usuario se compromete a eximir al titular y a mantenerle indemne de toda responsabilidad y\/o reclamaci\u00f3n al respecto.<\/p>\n<p><strong>Enlaces a otros sitios web<\/strong><\/p>\n<p>El sitio puede contener hiperv\u00ednculos a otros sitios web con los que no tiene ninguna conexi\u00f3n. El titular no controla ni monitoriza dichos sitios web y, por lo tanto, no garantiza en modo alguno el contenido ni la gesti\u00f3n de los datos. Por tanto, el usuario deber\u00e1 leer atentamente las condiciones de uso de los sitios de terceros que visite y sus pol\u00edticas de privacidad, ya que estas condiciones de uso y la pol\u00edtica de privacidad de <a href=\"http:\/\/www.artigo.com\">www.artigo.com<\/a> se refieren exclusivamente a este sitio web.<\/p>\n<p><strong>Enlaces a otras p\u00e1ginas web<\/strong><\/p>\n<p>A este sitio web tambi\u00e9n se puede acceder a trav\u00e9s de sitios de terceros donde habr\u00e1 un enlace o un banner de acceso.<\/p>\n<p>Para acceder a este sitio a trav\u00e9s de enlaces de terceros se requiere el consentimiento y la autorizaci\u00f3n del titular, con el que podr\u00e1 ponerse en contacto escribiendo a la direcci\u00f3n arriba indicada o a esta direcci\u00f3n de correo electr\u00f3nico: <a href=\"mailto:sito@artigo.com\">sito@artigo.com<\/a>.<\/p>\n<p>La activaci\u00f3n de enlaces no autorizados dar\u00e1 derecho al titular a actuar para desactivar de forma inmediata los enlaces ilegales y para reconocer la posible pr\u00e1ctica comercial o competencia desleal o acci\u00f3n que perjudique el buen nombre y la reputaci\u00f3n del titular, de sus servicios y de las empresas del mismo grupo. En cualquier caso, queda prohibida la activaci\u00f3n de enlaces de hipertexto profundos (como deep frames o deep links) al Sitio web o el uso no autorizado de meta-tags.<\/p>\n<p><strong>Marcas<\/strong><\/p>\n<p>Todas las marcas y signos distintivos del sitio, incluidos los relativos a cada una de las actividades realizadas por el titular, son propiedad exclusiva del titular o de las empresas relacionadas con \u00e9l.<\/p>\n<p>El titular tiene el derecho de hacer uso exclusivo de estas marcas. Por lo tanto, cualquier uso no permitido, no autorizado o il\u00edcito est\u00e1 estrictamente prohibido y tendr\u00e1 consecuencias legales. No se permite en ning\u00fan caso el uso de estas marcas ni de cualquier otro signo distintivo en el sitio para beneficiarse indebidamente, aunque sea de forma indirecta, del car\u00e1cter distintivo o de la reputaci\u00f3n de las marcas de su titular o de forma perjudicial para dichas marcas y sus titulares.<\/p>\n<p>El dominio www.artigo.com as\u00ed como las diferentes extensiones y subdominios son propiedad del titular. No se permite ning\u00fan uso, aunque sea indirecto, a menos que el titular o titulares lo autoricen expresamente por escrito.<\/p>\n<p><strong>Tratamiento de datos<\/strong><\/p>\n<p>Los datos del usuario se tratan de acuerdo con las disposiciones del reglamento sobre protecci\u00f3n de datos personales, tal y como se especifica en la secci\u00f3n correspondiente que contiene el aviso legal de conformidad con el art. 13 del Reglamento UE 2016\/679 (Pol\u00edtica de Privacidad). Si desea m\u00e1s informaci\u00f3n, puede acceder a la pol\u00edtica de privacidad del sitio pinchando en el enlace: <a href=\"http:\/\/www.artigo.com\/en\/privacy-policy\">www.artigo.com\/es\/privacy-policy<\/a><\/p>\n<p><strong>Cl\u00e1usula de salvaguardia<\/strong><\/p>\n<p>En el supuesto de que alguna de las cl\u00e1usulas de las presentes condiciones generales de uso fuera nula por cualquier motivo, ello no afectar\u00e1 en ning\u00fan caso a la validez y cumplimiento de las dem\u00e1s disposiciones contenidas en las presentes condiciones generales de uso.<\/p>\n<p><strong>Contactos<\/strong><\/p>\n<p>Para cualquier solicitud de informaci\u00f3n puede enviar un correo electr\u00f3nico a la siguiente direcci\u00f3n <a href=\"mailto:sito@artigo.com\">sito@artigo.com<\/a>, llamar al siguiente n\u00famero tel\u00e9fono: 02.90786415 o enviar una carta a la siguiente direcci\u00f3n: Artigo S.p.a. via Cortemilia 32 \u2013 Carpeneto 17014 \u2013 Cairo Montenotte (SV), Italia.<\/p>\n<p><strong>Ley aplicable y foro competente<\/strong><\/p>\n<p>Las presentes condiciones generales de uso se rigen por la ley italiana y se interpretan en base a la misma, con excepci\u00f3n de cualquier otra norma imperativa que prevalezca en el pa\u00eds de residencia habitual del usuario. Nada de lo dispuesto en estas condiciones impedir\u00e1 al usuario disfrutar de los derechos de las normas vigentes y de los derechos legales locales que le amparan como consumidor. Por lo tanto, el usuario y el propietario reconocen que la interpretaci\u00f3n, ejecuci\u00f3n y terminaci\u00f3n de estas condiciones generales de uso est\u00e1n sujetas exclusivamente a la legislaci\u00f3n italiana.<\/p>\n<p>Las presentes condiciones fueron redactadas el 09\/05\/2019.<\/p>\n\t\t\t\t\t\t\t\t<\/div>\n\t\t\t\t<\/div>\n\t\t\t\t\t<\/div>\n\t\t<\/div>\n\t\t\t\t\t<\/div>\n\t\t<\/section>\n\t\t\t\t<\/div>\n\t\t","protected":false},"excerpt":{"rendered":"<p>CONDICIONES DE USO Objeto Estas condiciones generales de uso relativas al acceso y uso del sitio Artigo.com, al que se accede a trav\u00e9s de la url: www.artigo.com, se rigen de la manera siguiente. Este sitio web es propiedad de la empresa Artigo S.p.a, representada por su administrador pro tempore (en adelante, el \u00abTitular\u00bb), via Cortemilia [&hellip;]<\/p>\n","protected":false},"author":1,"featured_media":0,"parent":0,"menu_order":0,"comment_status":"closed","ping_status":"closed","template":"elementor_header_footer","meta":{"_acf_changed":false,"site-sidebar-layout":"no-sidebar","site-content-layout":"page-builder","ast-site-content-layout":"default","site-content-style":"default","site-sidebar-style":"default","ast-global-header-display":"","ast-banner-title-visibility":"","ast-main-header-display":"","ast-hfb-above-header-display":"","ast-hfb-below-header-display":"","ast-hfb-mobile-header-display":"","site-post-title":"disabled","ast-breadcrumbs-content":"","ast-featured-img":"disabled","footer-sml-layout":"","theme-transparent-header-meta":"default","adv-header-id-meta":"","stick-header-meta":"default","header-above-stick-meta":"","header-main-stick-meta":"","header-below-stick-meta":"","astra-migrate-meta-layouts":"default","ast-page-background-enabled":"default","ast-page-background-meta":{"desktop":{"background-color":"var(--ast-global-color-4)","background-image":"","background-repeat":"repeat","background-position":"center center","background-size":"auto","background-attachment":"scroll","background-type":"","background-media":"","overlay-type":"","overlay-color":"","overlay-opacity":"","overlay-gradient":""},"tablet":{"background-color":"","background-image":"","background-repeat":"repeat","background-position":"center center","background-size":"auto","background-attachment":"scroll","background-type":"","background-media":"","overlay-type":"","overlay-color":"","overlay-opacity":"","overlay-gradient":""},"mobile":{"background-color":"","background-image":"","background-repeat":"repeat","background-position":"center center","background-size":"auto","background-attachment":"scroll","background-type":"","background-media":"","overlay-type":"","overlay-color":"","overlay-opacity":"","overlay-gradient":""}},"ast-content-background-meta":{"desktop":{"background-color":"var(--ast-global-color-5)","background-image":"","background-repeat":"repeat","background-position":"center center","background-size":"auto","background-attachment":"scroll","background-type":"","background-media":"","overlay-type":"","overlay-color":"","overlay-opacity":"","overlay-gradient":""},"tablet":{"background-color":"var(--ast-global-color-5)","background-image":"","background-repeat":"repeat","background-position":"center center","background-size":"auto","background-attachment":"scroll","background-type":"","background-media":"","overlay-type":"","overlay-color":"","overlay-opacity":"","overlay-gradient":""},"mobile":{"background-color":"var(--ast-global-color-5)","background-image":"","background-repeat":"repeat","background-position":"center center","background-size":"auto","background-attachment":"scroll","background-type":"","background-media":"","overlay-type":"","overlay-color":"","overlay-opacity":"","overlay-gradient":""}},"footnotes":""},"categories":[],"tags":[],"class_list":["post-22292","page","type-page","status-publish","hentry"],"acf":[],"yoast_head":"<!-- This site is optimized with the Yoast SEO plugin v27.6 - https:\/\/yoast.com\/product\/yoast-seo-wordpress\/ -->\n<title>Condiciones de uso - Artigo<\/title>\n<meta name=\"robots\" content=\"index, follow, max-snippet:-1, max-image-preview:large, max-video-preview:-1\" \/>\n<link rel=\"canonical\" href=\"https:\/\/www.artigo.com\/es\/condiciones-de-uso-2\/\" \/>\n<meta property=\"og:locale\" content=\"es_ES\" \/>\n<meta property=\"og:type\" content=\"article\" \/>\n<meta property=\"og:title\" content=\"Condiciones de uso - Artigo\" \/>\n<meta property=\"og:description\" content=\"CONDICIONES DE USO Objeto Estas condiciones generales de uso relativas al acceso y uso del sitio Artigo.com, al que se accede a trav\u00e9s de la url: www.artigo.com, se rigen de la manera siguiente. Este sitio web es propiedad de la empresa Artigo S.p.a, representada por su administrador pro tempore (en adelante, el \u00abTitular\u00bb), via Cortemilia [&hellip;]\" \/>\n<meta property=\"og:url\" content=\"https:\/\/www.artigo.com\/es\/condiciones-de-uso-2\/\" \/>\n<meta property=\"og:site_name\" content=\"Artigo\" \/>\n<meta property=\"article:modified_time\" content=\"2024-03-07T11:06:33+00:00\" \/>\n<meta name=\"twitter:card\" content=\"summary_large_image\" \/>\n<meta name=\"twitter:label1\" content=\"Tiempo de lectura\" \/>\n\t<meta name=\"twitter:data1\" content=\"8 minutos\" \/>\n<script type=\"application\/ld+json\" class=\"yoast-schema-graph\">{\"@context\":\"https:\\\/\\\/schema.org\",\"@graph\":[{\"@type\":\"WebPage\",\"@id\":\"https:\\\/\\\/www.artigo.com\\\/es\\\/condiciones-de-uso-2\\\/\",\"url\":\"https:\\\/\\\/www.artigo.com\\\/es\\\/condiciones-de-uso-2\\\/\",\"name\":\"Condiciones de uso - Artigo\",\"isPartOf\":{\"@id\":\"https:\\\/\\\/www.artigo.com\\\/#website\"},\"datePublished\":\"2022-06-08T15:17:59+00:00\",\"dateModified\":\"2024-03-07T11:06:33+00:00\",\"breadcrumb\":{\"@id\":\"https:\\\/\\\/www.artigo.com\\\/es\\\/condiciones-de-uso-2\\\/#breadcrumb\"},\"inLanguage\":\"es\",\"potentialAction\":[{\"@type\":\"ReadAction\",\"target\":[\"https:\\\/\\\/www.artigo.com\\\/es\\\/condiciones-de-uso-2\\\/\"]}]},{\"@type\":\"BreadcrumbList\",\"@id\":\"https:\\\/\\\/www.artigo.com\\\/es\\\/condiciones-de-uso-2\\\/#breadcrumb\",\"itemListElement\":[{\"@type\":\"ListItem\",\"position\":1,\"name\":\"Home\",\"item\":\"https:\\\/\\\/www.artigo.com\\\/es\\\/\"},{\"@type\":\"ListItem\",\"position\":2,\"name\":\"Condiciones de uso\"}]},{\"@type\":\"WebSite\",\"@id\":\"https:\\\/\\\/www.artigo.com\\\/#website\",\"url\":\"https:\\\/\\\/www.artigo.com\\\/\",\"name\":\"Artigo\",\"description\":\"Just another WordPress site\",\"publisher\":{\"@id\":\"https:\\\/\\\/www.artigo.com\\\/#organization\"},\"potentialAction\":[{\"@type\":\"SearchAction\",\"target\":{\"@type\":\"EntryPoint\",\"urlTemplate\":\"https:\\\/\\\/www.artigo.com\\\/?s={search_term_string}\"},\"query-input\":{\"@type\":\"PropertyValueSpecification\",\"valueRequired\":true,\"valueName\":\"search_term_string\"}}],\"inLanguage\":\"es\"},{\"@type\":\"Organization\",\"@id\":\"https:\\\/\\\/www.artigo.com\\\/#organization\",\"name\":\"Artigo\",\"url\":\"https:\\\/\\\/www.artigo.com\\\/\",\"logo\":{\"@type\":\"ImageObject\",\"inLanguage\":\"es\",\"@id\":\"https:\\\/\\\/www.artigo.com\\\/#\\\/schema\\\/logo\\\/image\\\/\",\"url\":\"https:\\\/\\\/www.artigo.com\\\/wp-content\\\/uploads\\\/2022\\\/05\\\/logo-quater.png\",\"contentUrl\":\"https:\\\/\\\/www.artigo.com\\\/wp-content\\\/uploads\\\/2022\\\/05\\\/logo-quater.png\",\"width\":170,\"height\":32,\"caption\":\"Artigo\"},\"image\":{\"@id\":\"https:\\\/\\\/www.artigo.com\\\/#\\\/schema\\\/logo\\\/image\\\/\"}}]}<\/script>\n<!-- \/ Yoast SEO plugin. -->","yoast_head_json":{"title":"Condiciones de uso - Artigo","robots":{"index":"index","follow":"follow","max-snippet":"max-snippet:-1","max-image-preview":"max-image-preview:large","max-video-preview":"max-video-preview:-1"},"canonical":"https:\/\/www.artigo.com\/es\/condiciones-de-uso-2\/","og_locale":"es_ES","og_type":"article","og_title":"Condiciones de uso - Artigo","og_description":"CONDICIONES DE USO Objeto Estas condiciones generales de uso relativas al acceso y uso del sitio Artigo.com, al que se accede a trav\u00e9s de la url: www.artigo.com, se rigen de la manera siguiente. Este sitio web es propiedad de la empresa Artigo S.p.a, representada por su administrador pro tempore (en adelante, el \u00abTitular\u00bb), via Cortemilia [&hellip;]","og_url":"https:\/\/www.artigo.com\/es\/condiciones-de-uso-2\/","og_site_name":"Artigo","article_modified_time":"2024-03-07T11:06:33+00:00","twitter_card":"summary_large_image","twitter_misc":{"Tiempo de lectura":"8 minutos"},"schema":{"@context":"https:\/\/schema.org","@graph":[{"@type":"WebPage","@id":"https:\/\/www.artigo.com\/es\/condiciones-de-uso-2\/","url":"https:\/\/www.artigo.com\/es\/condiciones-de-uso-2\/","name":"Condiciones de uso - Artigo","isPartOf":{"@id":"https:\/\/www.artigo.com\/#website"},"datePublished":"2022-06-08T15:17:59+00:00","dateModified":"2024-03-07T11:06:33+00:00","breadcrumb":{"@id":"https:\/\/www.artigo.com\/es\/condiciones-de-uso-2\/#breadcrumb"},"inLanguage":"es","potentialAction":[{"@type":"ReadAction","target":["https:\/\/www.artigo.com\/es\/condiciones-de-uso-2\/"]}]},{"@type":"BreadcrumbList","@id":"https:\/\/www.artigo.com\/es\/condiciones-de-uso-2\/#breadcrumb","itemListElement":[{"@type":"ListItem","position":1,"name":"Home","item":"https:\/\/www.artigo.com\/es\/"},{"@type":"ListItem","position":2,"name":"Condiciones de uso"}]},{"@type":"WebSite","@id":"https:\/\/www.artigo.com\/#website","url":"https:\/\/www.artigo.com\/","name":"Artigo","description":"Just another WordPress site","publisher":{"@id":"https:\/\/www.artigo.com\/#organization"},"potentialAction":[{"@type":"SearchAction","target":{"@type":"EntryPoint","urlTemplate":"https:\/\/www.artigo.com\/?s={search_term_string}"},"query-input":{"@type":"PropertyValueSpecification","valueRequired":true,"valueName":"search_term_string"}}],"inLanguage":"es"},{"@type":"Organization","@id":"https:\/\/www.artigo.com\/#organization","name":"Artigo","url":"https:\/\/www.artigo.com\/","logo":{"@type":"ImageObject","inLanguage":"es","@id":"https:\/\/www.artigo.com\/#\/schema\/logo\/image\/","url":"https:\/\/www.artigo.com\/wp-content\/uploads\/2022\/05\/logo-quater.png","contentUrl":"https:\/\/www.artigo.com\/wp-content\/uploads\/2022\/05\/logo-quater.png","width":170,"height":32,"caption":"Artigo"},"image":{"@id":"https:\/\/www.artigo.com\/#\/schema\/logo\/image\/"}}]}},"_links":{"self":[{"href":"https:\/\/www.artigo.com\/es\/wp-json\/wp\/v2\/pages\/22292","targetHints":{"allow":["GET"]}}],"collection":[{"href":"https:\/\/www.artigo.com\/es\/wp-json\/wp\/v2\/pages"}],"about":[{"href":"https:\/\/www.artigo.com\/es\/wp-json\/wp\/v2\/types\/page"}],"author":[{"embeddable":true,"href":"https:\/\/www.artigo.com\/es\/wp-json\/wp\/v2\/users\/1"}],"replies":[{"embeddable":true,"href":"https:\/\/www.artigo.com\/es\/wp-json\/wp\/v2\/comments?post=22292"}],"version-history":[{"count":2,"href":"https:\/\/www.artigo.com\/es\/wp-json\/wp\/v2\/pages\/22292\/revisions"}],"predecessor-version":[{"id":41200,"href":"https:\/\/www.artigo.com\/es\/wp-json\/wp\/v2\/pages\/22292\/revisions\/41200"}],"wp:attachment":[{"href":"https:\/\/www.artigo.com\/es\/wp-json\/wp\/v2\/media?parent=22292"}],"wp:term":[{"taxonomy":"category","embeddable":true,"href":"https:\/\/www.artigo.com\/es\/wp-json\/wp\/v2\/categories?post=22292"},{"taxonomy":"post_tag","embeddable":true,"href":"https:\/\/www.artigo.com\/es\/wp-json\/wp\/v2\/tags?post=22292"}],"curies":[{"name":"wp","href":"https:\/\/api.w.org\/{rel}","templated":true}]}}