{"id":23175,"date":"2022-06-09T08:21:13","date_gmt":"2022-06-09T08:21:13","guid":{"rendered":"https:\/\/www.artigo.com\/privacy-policy\/"},"modified":"2025-04-13T15:54:45","modified_gmt":"2025-04-13T15:54:45","slug":"privacy_policy","status":"publish","type":"page","link":"https:\/\/www.artigo.com\/es\/privacy_policy\/","title":{"rendered":"Privacy Policy"},"content":{"rendered":"\t\t<div data-elementor-type=\"wp-page\" data-elementor-id=\"23175\" class=\"elementor elementor-23175 elementor-22843\" data-elementor-post-type=\"page\">\n\t\t\t\t\t\t<section class=\"elementor-section elementor-top-section elementor-element elementor-element-26b8278 elementor-section-boxed elementor-section-height-default elementor-section-height-default\" data-id=\"26b8278\" data-element_type=\"section\" data-e-type=\"section\">\n\t\t\t\t\t\t<div class=\"elementor-container elementor-column-gap-default\">\n\t\t\t\t\t<div class=\"elementor-column elementor-col-100 elementor-top-column elementor-element elementor-element-37e74b1\" data-id=\"37e74b1\" data-element_type=\"column\" data-e-type=\"column\">\n\t\t\t<div class=\"elementor-widget-wrap elementor-element-populated\">\n\t\t\t\t\t\t<div class=\"elementor-element elementor-element-a40ae5b elementor-widget elementor-widget-text-editor\" data-id=\"a40ae5b\" data-element_type=\"widget\" data-e-type=\"widget\" data-widget_type=\"text-editor.default\">\n\t\t\t\t<div class=\"elementor-widget-container\">\n\t\t\t\t\t\t\t\t\t<span><span><a href=\"https:\/\/www.artigo.com\/es\/\">Home<\/a><\/span><\/span>\t\t\t\t\t\t\t\t<\/div>\n\t\t\t\t<\/div>\n\t\t\t\t\t<\/div>\n\t\t<\/div>\n\t\t\t\t\t<\/div>\n\t\t<\/section>\n\t\t\t\t<section class=\"elementor-section elementor-top-section elementor-element elementor-element-e61bcc3 elementor-section-boxed elementor-section-height-default elementor-section-height-default\" data-id=\"e61bcc3\" data-element_type=\"section\" data-e-type=\"section\">\n\t\t\t\t\t\t<div class=\"elementor-container elementor-column-gap-default\">\n\t\t\t\t\t<div class=\"elementor-column elementor-col-100 elementor-top-column elementor-element elementor-element-f648118\" data-id=\"f648118\" data-element_type=\"column\" data-e-type=\"column\">\n\t\t\t<div class=\"elementor-widget-wrap elementor-element-populated\">\n\t\t\t\t\t\t<div class=\"elementor-element elementor-element-3324bdd elementor-widget elementor-widget-text-editor\" data-id=\"3324bdd\" data-element_type=\"widget\" data-e-type=\"widget\" data-widget_type=\"text-editor.default\">\n\t\t\t\t<div class=\"elementor-widget-container\">\n\t\t\t\t\t\t\t\t\t<h2><strong>Informaci\u00f3n acerca del tratamiento de los datos personales de acuerdo con los art. 13-14 del Reglamento UE 2016\/679<\/strong><\/h2>\n<div><b>Partes Interesadas: navegantes de la web y los canales sociales.<\/b><\/div>\n<div>&nbsp;<\/div>\n<p>Artigo S.p.A. Societ\u00e0 Unipersonale, en calidad de Titular del tratamiento de sus datos personales, en el sentido y a los efectos previstos en el Reglamento UE 2016\/679, en adelante \u00abRGPD\u00bb, con la presente le informa de que la citada normativa prev\u00e9 la protecci\u00f3n de las partes interesadas en lo relativo al tratamiento de los datos personales y de que dicho tratamiento se basar\u00e1 en los principios de honestidad, legalidad, transparencia y protecci\u00f3n de su privacidad y sus derechos.<\/p>\n<p>Sus datos personales se tratar\u00e1n de acuerdo con las disposiciones legislativas de la normativa anteriormente mencionada y con las obligaciones de privacidad previstas en ella.<\/p>\n<p>Finalidad y base jur\u00eddica del tratamiento: en particular, sus datos se utilizar\u00e1n con las finalidades siguientes relativas a la implementaci\u00f3n de medidas relacionadas con las obligaciones contractuales o precontractuales:<\/p>\n<ul>\n<li>acceso t\u00e9cnico y funcional al Sitio; no se guardar\u00e1 ning\u00fan dato despu\u00e9s de cerrar el navegador;<\/li>\n<li>seguimiento de la solicitud del usuario;<\/li>\n<li>navegaci\u00f3n avanzada o gesti\u00f3n personalizada de los contenidos;<\/li>\n<li>estad\u00edstica y an\u00e1lisis de la navegaci\u00f3n y de los usuarios;<\/li>\n<li>env\u00edo de informaci\u00f3n comercial y publicidad similar a la relaci\u00f3n previa de suministro de bienes o servicios.<\/li>\n<\/ul>\n<p>Asimismo, sus datos personales podr\u00e1n utilizarse, previo consentimiento por su parte, con las finalidades siguientes:<\/p>\n<ul>\n<li>marketing y publicidad mediante boletines informativos tambi\u00e9n personalizados en funci\u00f3n de la segmentaci\u00f3n.<\/li>\n<\/ul>\n<p>El suministro de datos personales en relaci\u00f3n con las finalidades antes mencionadas es facultativo para usted, y su negativa al tratamiento de los datos no permite la continuaci\u00f3n de la relaci\u00f3n ni la adecuaci\u00f3n del tratamiento.<\/p>\n<p>Modalidades del tratamiento. Sus datos personales podr\u00e1n tratarse de estas formas:<\/p>\n<ul>\n<li>de forma electr\u00f3nica usando sistemas inform\u00e1ticos gestionados por Terceros;<\/li>\n<li>de forma electr\u00f3nica usando sistemas inform\u00e1ticos gestionados o programados directamente;<\/li>\n<li>recogida de datos mediante formularios en l\u00ednea o p\u00e1ginas de destino;<\/li>\n<li>mediante tratamiento temporal de forma an\u00f3nima.<\/li>\n<\/ul>\n<p>Todos los tratamientos se realizar\u00e1n respetando las modalidades establecidas en los art. 6, 32 del GDPR y mediante las medidas de seguridad adecuadas.<\/p>\n<p>Sus datos s\u00f3lo ser\u00e1n tratados por personal expresamente autorizado por el responsable del tratamiento y, en particular, por las siguientes categor\u00edas de personal autorizado:<\/p>\n<ul>\n<li>programadores y analistas;<\/li>\n<li>departamento de marketing y ventas.<\/li>\n<\/ul>\n<p>Comunicaci\u00f3n: sus datos podr\u00e1n ser comunicados a terceros para la correcta gesti\u00f3n de la relaci\u00f3n y, en particular, a las siguientes categor\u00edas de Destinatarios, incluidos los Responsables del Tratamiento debidamente designados:<\/p>\n<ul>\n<li>Bing: Servicios de marketing de Microsoft;<\/li>\n<li>Facebook: servicio publicitario, grupo objetivo publicitario, personalizaci\u00f3n de los contenidos;<\/li>\n<li>Google Analytics: grupo objetivo publicitario, an\u00e1lisis\/medici\u00f3n, optimizaci\u00f3n;<\/li>\n<li>Google: Servicio de publicidad, Segmentaci\u00f3n publicitaria, An\u00e1lisis\/Medici\u00f3n, Personalizaci\u00f3n de contenidos, Optimizaci\u00f3n;<\/li>\n<li>LinkedIn: Segmentaci\u00f3n publicitaria, An\u00e1lisis\/Medici\u00f3n, Personalizaci\u00f3n de contenidos;<\/li>\n<li>Mailchimp.<\/li>\n<\/ul>\n<p>Difusi\u00f3n: sus datos personales no se difundir\u00e1n de ninguna forma.<\/p>\n<p>Sus datos personales tambi\u00e9n pueden ser transferidos, de acuerdo con los fines indicados anteriormente, en los siguientes estados:<\/p>\n<ul>\n<li>pa\u00edses de la UE;<\/li>\n<li>pa\u00edses no pertenecientes a la UE considerados seguros sobre la base de decisiones de adecuaci\u00f3n de la Comisi\u00f3n Europea;<\/li>\n<li>Estados Unidos.<\/li>\n<\/ul>\n<p>Periodo de Conservaci\u00f3n. Hay que se\u00f1alar que, de conformidad con los principios de legalidad, limitaci\u00f3n de las finalidades y minimizaci\u00f3n de los datos, de acuerdo con el art. 5 del RGPD, el periodo de conservaci\u00f3n de sus datos personales:<\/p>\n<ul>\n<li>se establece por un espacio de tiempo no superior a la consecuci\u00f3n de las finalidades para las que se recopilan y tratan dichos datos para la ejecuci\u00f3n y el cumplimiento de las finalidades contractuales;<\/li>\n<li>se establece por un espacio de tiempo no superior al cumplimiento de los servicios prestados;<\/li>\n<li>se establece por un espacio de tiempo no superior a la consecuci\u00f3n de las finalidades para las que se recopilan y tratan dichos datos y de conformidad con los tiempos obligatorios prescritos por la legislaci\u00f3n.<\/li>\n<\/ul>\n<p><strong>Pol\u00edtica de cookies<\/strong>: en caso de que tenga dudas o inquietudes sobre el uso de las cookies, siempre puede impedir su instalaci\u00f3n y lectura, por ejemplo, cambiando la configuraci\u00f3n de privacidad de su navegador para bloquear ciertos tipos.<\/p>\n<p>Dado que los navegadores, y, con frecuencia, varias versiones de un mismo navegador, difieren incluso de forma considerable unos de otros, se prefiere actuar de forma individual mediante las preferencias de su navegador y buscar a continuaci\u00f3n informaci\u00f3n detallada sobre el procedimiento necesario en la gu\u00eda del navegador en cuesti\u00f3n. Para tener una visi\u00f3n general de los modos de acci\u00f3n en el caso de los navegadores m\u00e1s habituales, puede visitar el sitio web www.cookiepedia.co.uk. Adem\u00e1s, las empresas publicitarias aceptan la renuncia a la recepci\u00f3n de anuncios espec\u00edficos si as\u00ed se desea. Esto no impide la configuraci\u00f3n de las cookies, pero interrumpe el uso y la recopilaci\u00f3n de determinados datos por parte de dichas empresas.<\/p>\n<p>Para m\u00e1s informaci\u00f3n y opciones de cancelaci\u00f3n, visite www.youronlinechoices.eu\/.<\/p>\n<p>Responsable del tratamiento: El Responsable del tratamiento de datos, de conformidad con la Ley, es ARTIGO SPA Societ\u00e0 Unipersonale (VIA CORTEMILIA 32, LOC. CARPENETO, 17014 CAIRO MONTENOTTE (SV) ITALIA; N.\u00ba IVA: 01180390096; y puede contactarse a trav\u00e9s de las siguientes direcciones: E-mail: privacy@artigo.com) en la persona de su representante legal pro tempore.<\/p>\n<p>Tiene derecho a obtener del titular la cancelaci\u00f3n (derecho al olvido), la limitaci\u00f3n, el aplazamiento, la rectificaci\u00f3n, la portabilidad y la oposici\u00f3n al tratamiento de los datos personales referentes a Vd. y, adem\u00e1s, en general, puede ejercer todos los derechos previstos en los art. 15, 16, 17, 18, 19, 20, 21 y 22 del RGPD.<\/p>\n<p><strong>Reglamento UE 2016\/679: art. 15, 16, 17, 18, 19, 20, 21 y 22. Derechos de la Parte Interesada<\/strong><\/p>\n<ol>\n<li>El interesado tiene derecho a obtener la confirmaci\u00f3n de la existencia o inexistencia de datos personales que le conciernan, aunque a\u00fan no est\u00e9n registrados, su comunicaci\u00f3n de forma inteligible y la posibilidad de presentar una reclamaci\u00f3n ante la Autoridad de Control.<\/li>\n<li>La parte interesada tiene derecho a obtener la informaci\u00f3n acerca:<\/li>\n<\/ol>\n<p>a. del origen de los datos personales;<\/p>\n<p>b. de las finalidades y los modos del tratamiento;<\/p>\n<p>c. de la l\u00f3gica aplicada en caso de realizarse un tratamiento con instrumentos electr\u00f3nicos;<\/p>\n<p>d. de los datos identificativos del titular, de los responsables y del representante designado de acuerdo con el art\u00edculo 5, apartado 2;<\/p>\n<p>e. de las partes o de las categor\u00edas de las partes a las que pueden comunicarse o que pueden tener conocimiento de los datos personales en calidad de representantes designados en el territorio del Estado, en calidad de responsables o en calidad de encargados.<\/p>\n<ol start=\"3\">\n<li>El interesado tiene derecho a obtener:<\/li>\n<\/ol>\n<p>a. el aplazamiento, la rectificaci\u00f3n o, cuando haya inter\u00e9s, la inclusi\u00f3n de los datos;<\/p>\n<p>b. la cancelaci\u00f3n, la transformaci\u00f3n de forma an\u00f3nima o el bloqueo de los datos que se han tratado contraviniendo la legislaci\u00f3n, incluidos aquellos que no sea necesario conservar en relaci\u00f3n con las finalidades para las que se han recopilado o tratado posteriormente los datos;<\/p>\n<p>c. la certificaci\u00f3n de que las operaciones consideradas en las letras a) y b) que se hayan puesto en conocimiento, incluido lo relativo a su contenido, de las personas a quienes se hayan comunicado o difundido los datos, excepto en el caso en que tal cumplimiento resulte imposible o comporte un uso de medios manifiestamente desproporcionado respecto al derecho objeto de la protecci\u00f3n;<\/p>\n<p>d. la portabilidad de los datos.<\/p>\n<ol start=\"4\">\n<li>El interesado tiene derecho a oponerse, de forma total o parcial:<\/li>\n<\/ol>\n<p>a. por motivos leg\u00edtimos, al tratamiento de los datos personales referentes a su persona, pero pertinentes a la finalidad de la recopilaci\u00f3n;<\/p>\n<p>b. al tratamiento de los datos personales referentes a su persona con fines de env\u00edo de material publicitario o de venta directa o para la realizaci\u00f3n de estudios de mercado o de comunicaci\u00f3n comercial.<\/p>\t\t\t\t\t\t\t\t<\/div>\n\t\t\t\t<\/div>\n\t\t\t\t\t<\/div>\n\t\t<\/div>\n\t\t\t\t\t<\/div>\n\t\t<\/section>\n\t\t\t\t<\/div>\n\t\t","protected":false},"excerpt":{"rendered":"<p>Informaci\u00f3n acerca del tratamiento de los datos personales de acuerdo con los art. 13-14 del Reglamento UE 2016\/679 Partes Interesadas: navegantes de la web y los canales sociales. &nbsp; Artigo S.p.A. Societ\u00e0 Unipersonale, en calidad de Titular del tratamiento de sus datos personales, en el sentido y a los efectos previstos en el Reglamento UE [&hellip;]<\/p>\n","protected":false},"author":1,"featured_media":0,"parent":0,"menu_order":0,"comment_status":"closed","ping_status":"closed","template":"elementor_header_footer","meta":{"_acf_changed":false,"site-sidebar-layout":"no-sidebar","site-content-layout":"page-builder","ast-site-content-layout":"default","site-content-style":"default","site-sidebar-style":"default","ast-global-header-display":"","ast-banner-title-visibility":"","ast-main-header-display":"","ast-hfb-above-header-display":"","ast-hfb-below-header-display":"","ast-hfb-mobile-header-display":"","site-post-title":"disabled","ast-breadcrumbs-content":"","ast-featured-img":"disabled","footer-sml-layout":"","theme-transparent-header-meta":"default","adv-header-id-meta":"","stick-header-meta":"default","header-above-stick-meta":"","header-main-stick-meta":"","header-below-stick-meta":"","astra-migrate-meta-layouts":"default","ast-page-background-enabled":"default","ast-page-background-meta":{"desktop":{"background-color":"var(--ast-global-color-4)","background-image":"","background-repeat":"repeat","background-position":"center center","background-size":"auto","background-attachment":"scroll","background-type":"","background-media":"","overlay-type":"","overlay-color":"","overlay-opacity":"","overlay-gradient":""},"tablet":{"background-color":"","background-image":"","background-repeat":"repeat","background-position":"center center","background-size":"auto","background-attachment":"scroll","background-type":"","background-media":"","overlay-type":"","overlay-color":"","overlay-opacity":"","overlay-gradient":""},"mobile":{"background-color":"","background-image":"","background-repeat":"repeat","background-position":"center center","background-size":"auto","background-attachment":"scroll","background-type":"","background-media":"","overlay-type":"","overlay-color":"","overlay-opacity":"","overlay-gradient":""}},"ast-content-background-meta":{"desktop":{"background-color":"var(--ast-global-color-5)","background-image":"","background-repeat":"repeat","background-position":"center center","background-size":"auto","background-attachment":"scroll","background-type":"","background-media":"","overlay-type":"","overlay-color":"","overlay-opacity":"","overlay-gradient":""},"tablet":{"background-color":"var(--ast-global-color-5)","background-image":"","background-repeat":"repeat","background-position":"center center","background-size":"auto","background-attachment":"scroll","background-type":"","background-media":"","overlay-type":"","overlay-color":"","overlay-opacity":"","overlay-gradient":""},"mobile":{"background-color":"var(--ast-global-color-5)","background-image":"","background-repeat":"repeat","background-position":"center center","background-size":"auto","background-attachment":"scroll","background-type":"","background-media":"","overlay-type":"","overlay-color":"","overlay-opacity":"","overlay-gradient":""}},"footnotes":""},"categories":[],"tags":[],"class_list":["post-23175","page","type-page","status-publish","hentry"],"acf":[],"yoast_head":"<!-- This site is optimized with the Yoast SEO plugin v27.6 - https:\/\/yoast.com\/product\/yoast-seo-wordpress\/ -->\n<title>Privacy Policy - Artigo<\/title>\n<meta name=\"robots\" content=\"index, follow, max-snippet:-1, max-image-preview:large, max-video-preview:-1\" \/>\n<link rel=\"canonical\" href=\"https:\/\/www.artigo.com\/es\/privacy_policy\/\" \/>\n<meta property=\"og:locale\" content=\"es_ES\" \/>\n<meta property=\"og:type\" content=\"article\" \/>\n<meta property=\"og:title\" content=\"Privacy Policy - Artigo\" \/>\n<meta property=\"og:description\" content=\"Informaci\u00f3n acerca del tratamiento de los datos personales de acuerdo con los art. 13-14 del Reglamento UE 2016\/679 Partes Interesadas: navegantes de la web y los canales sociales. &nbsp; Artigo S.p.A. Societ\u00e0 Unipersonale, en calidad de Titular del tratamiento de sus datos personales, en el sentido y a los efectos previstos en el Reglamento UE [&hellip;]\" \/>\n<meta property=\"og:url\" content=\"https:\/\/www.artigo.com\/es\/privacy_policy\/\" \/>\n<meta property=\"og:site_name\" content=\"Artigo\" \/>\n<meta property=\"article:modified_time\" content=\"2025-04-13T15:54:45+00:00\" \/>\n<meta name=\"twitter:card\" content=\"summary_large_image\" \/>\n<meta name=\"twitter:label1\" content=\"Tiempo de lectura\" \/>\n\t<meta name=\"twitter:data1\" content=\"6 minutos\" \/>\n<script type=\"application\/ld+json\" class=\"yoast-schema-graph\">{\"@context\":\"https:\\\/\\\/schema.org\",\"@graph\":[{\"@type\":\"WebPage\",\"@id\":\"https:\\\/\\\/www.artigo.com\\\/es\\\/privacy_policy\\\/\",\"url\":\"https:\\\/\\\/www.artigo.com\\\/es\\\/privacy_policy\\\/\",\"name\":\"Privacy Policy - Artigo\",\"isPartOf\":{\"@id\":\"https:\\\/\\\/www.artigo.com\\\/#website\"},\"datePublished\":\"2022-06-09T08:21:13+00:00\",\"dateModified\":\"2025-04-13T15:54:45+00:00\",\"breadcrumb\":{\"@id\":\"https:\\\/\\\/www.artigo.com\\\/es\\\/privacy_policy\\\/#breadcrumb\"},\"inLanguage\":\"es\",\"potentialAction\":[{\"@type\":\"ReadAction\",\"target\":[\"https:\\\/\\\/www.artigo.com\\\/es\\\/privacy_policy\\\/\"]}]},{\"@type\":\"BreadcrumbList\",\"@id\":\"https:\\\/\\\/www.artigo.com\\\/es\\\/privacy_policy\\\/#breadcrumb\",\"itemListElement\":[{\"@type\":\"ListItem\",\"position\":1,\"name\":\"Home\",\"item\":\"https:\\\/\\\/www.artigo.com\\\/es\\\/\"},{\"@type\":\"ListItem\",\"position\":2,\"name\":\"Privacy Policy\"}]},{\"@type\":\"WebSite\",\"@id\":\"https:\\\/\\\/www.artigo.com\\\/#website\",\"url\":\"https:\\\/\\\/www.artigo.com\\\/\",\"name\":\"Artigo\",\"description\":\"Just another WordPress site\",\"publisher\":{\"@id\":\"https:\\\/\\\/www.artigo.com\\\/#organization\"},\"potentialAction\":[{\"@type\":\"SearchAction\",\"target\":{\"@type\":\"EntryPoint\",\"urlTemplate\":\"https:\\\/\\\/www.artigo.com\\\/?s={search_term_string}\"},\"query-input\":{\"@type\":\"PropertyValueSpecification\",\"valueRequired\":true,\"valueName\":\"search_term_string\"}}],\"inLanguage\":\"es\"},{\"@type\":\"Organization\",\"@id\":\"https:\\\/\\\/www.artigo.com\\\/#organization\",\"name\":\"Artigo\",\"url\":\"https:\\\/\\\/www.artigo.com\\\/\",\"logo\":{\"@type\":\"ImageObject\",\"inLanguage\":\"es\",\"@id\":\"https:\\\/\\\/www.artigo.com\\\/#\\\/schema\\\/logo\\\/image\\\/\",\"url\":\"https:\\\/\\\/www.artigo.com\\\/wp-content\\\/uploads\\\/2022\\\/05\\\/logo-quater.png\",\"contentUrl\":\"https:\\\/\\\/www.artigo.com\\\/wp-content\\\/uploads\\\/2022\\\/05\\\/logo-quater.png\",\"width\":170,\"height\":32,\"caption\":\"Artigo\"},\"image\":{\"@id\":\"https:\\\/\\\/www.artigo.com\\\/#\\\/schema\\\/logo\\\/image\\\/\"}}]}<\/script>\n<!-- \/ Yoast SEO plugin. -->","yoast_head_json":{"title":"Privacy Policy - Artigo","robots":{"index":"index","follow":"follow","max-snippet":"max-snippet:-1","max-image-preview":"max-image-preview:large","max-video-preview":"max-video-preview:-1"},"canonical":"https:\/\/www.artigo.com\/es\/privacy_policy\/","og_locale":"es_ES","og_type":"article","og_title":"Privacy Policy - Artigo","og_description":"Informaci\u00f3n acerca del tratamiento de los datos personales de acuerdo con los art. 13-14 del Reglamento UE 2016\/679 Partes Interesadas: navegantes de la web y los canales sociales. &nbsp; Artigo S.p.A. Societ\u00e0 Unipersonale, en calidad de Titular del tratamiento de sus datos personales, en el sentido y a los efectos previstos en el Reglamento UE [&hellip;]","og_url":"https:\/\/www.artigo.com\/es\/privacy_policy\/","og_site_name":"Artigo","article_modified_time":"2025-04-13T15:54:45+00:00","twitter_card":"summary_large_image","twitter_misc":{"Tiempo de lectura":"6 minutos"},"schema":{"@context":"https:\/\/schema.org","@graph":[{"@type":"WebPage","@id":"https:\/\/www.artigo.com\/es\/privacy_policy\/","url":"https:\/\/www.artigo.com\/es\/privacy_policy\/","name":"Privacy Policy - Artigo","isPartOf":{"@id":"https:\/\/www.artigo.com\/#website"},"datePublished":"2022-06-09T08:21:13+00:00","dateModified":"2025-04-13T15:54:45+00:00","breadcrumb":{"@id":"https:\/\/www.artigo.com\/es\/privacy_policy\/#breadcrumb"},"inLanguage":"es","potentialAction":[{"@type":"ReadAction","target":["https:\/\/www.artigo.com\/es\/privacy_policy\/"]}]},{"@type":"BreadcrumbList","@id":"https:\/\/www.artigo.com\/es\/privacy_policy\/#breadcrumb","itemListElement":[{"@type":"ListItem","position":1,"name":"Home","item":"https:\/\/www.artigo.com\/es\/"},{"@type":"ListItem","position":2,"name":"Privacy Policy"}]},{"@type":"WebSite","@id":"https:\/\/www.artigo.com\/#website","url":"https:\/\/www.artigo.com\/","name":"Artigo","description":"Just another WordPress site","publisher":{"@id":"https:\/\/www.artigo.com\/#organization"},"potentialAction":[{"@type":"SearchAction","target":{"@type":"EntryPoint","urlTemplate":"https:\/\/www.artigo.com\/?s={search_term_string}"},"query-input":{"@type":"PropertyValueSpecification","valueRequired":true,"valueName":"search_term_string"}}],"inLanguage":"es"},{"@type":"Organization","@id":"https:\/\/www.artigo.com\/#organization","name":"Artigo","url":"https:\/\/www.artigo.com\/","logo":{"@type":"ImageObject","inLanguage":"es","@id":"https:\/\/www.artigo.com\/#\/schema\/logo\/image\/","url":"https:\/\/www.artigo.com\/wp-content\/uploads\/2022\/05\/logo-quater.png","contentUrl":"https:\/\/www.artigo.com\/wp-content\/uploads\/2022\/05\/logo-quater.png","width":170,"height":32,"caption":"Artigo"},"image":{"@id":"https:\/\/www.artigo.com\/#\/schema\/logo\/image\/"}}]}},"_links":{"self":[{"href":"https:\/\/www.artigo.com\/es\/wp-json\/wp\/v2\/pages\/23175","targetHints":{"allow":["GET"]}}],"collection":[{"href":"https:\/\/www.artigo.com\/es\/wp-json\/wp\/v2\/pages"}],"about":[{"href":"https:\/\/www.artigo.com\/es\/wp-json\/wp\/v2\/types\/page"}],"author":[{"embeddable":true,"href":"https:\/\/www.artigo.com\/es\/wp-json\/wp\/v2\/users\/1"}],"replies":[{"embeddable":true,"href":"https:\/\/www.artigo.com\/es\/wp-json\/wp\/v2\/comments?post=23175"}],"version-history":[{"count":4,"href":"https:\/\/www.artigo.com\/es\/wp-json\/wp\/v2\/pages\/23175\/revisions"}],"predecessor-version":[{"id":51775,"href":"https:\/\/www.artigo.com\/es\/wp-json\/wp\/v2\/pages\/23175\/revisions\/51775"}],"wp:attachment":[{"href":"https:\/\/www.artigo.com\/es\/wp-json\/wp\/v2\/media?parent=23175"}],"wp:term":[{"taxonomy":"category","embeddable":true,"href":"https:\/\/www.artigo.com\/es\/wp-json\/wp\/v2\/categories?post=23175"},{"taxonomy":"post_tag","embeddable":true,"href":"https:\/\/www.artigo.com\/es\/wp-json\/wp\/v2\/tags?post=23175"}],"curies":[{"name":"wp","href":"https:\/\/api.w.org\/{rel}","templated":true}]}}