{"id":23140,"date":"2022-06-09T08:21:13","date_gmt":"2022-06-09T08:21:13","guid":{"rendered":"https:\/\/www.artigo.com\/privacy-policy\/"},"modified":"2025-04-13T15:33:08","modified_gmt":"2025-04-13T15:33:08","slug":"privacy_policy","status":"publish","type":"page","link":"https:\/\/www.artigo.com\/fr\/privacy_policy\/","title":{"rendered":"Privacy Policy"},"content":{"rendered":"\t\t<div data-elementor-type=\"wp-page\" data-elementor-id=\"23140\" class=\"elementor elementor-23140 elementor-22843\" data-elementor-post-type=\"page\">\n\t\t\t\t\t\t<section class=\"elementor-section elementor-top-section elementor-element elementor-element-26b8278 elementor-section-boxed elementor-section-height-default elementor-section-height-default\" data-id=\"26b8278\" data-element_type=\"section\">\n\t\t\t\t\t\t<div class=\"elementor-container elementor-column-gap-default\">\n\t\t\t\t\t<div class=\"elementor-column elementor-col-100 elementor-top-column elementor-element elementor-element-37e74b1\" data-id=\"37e74b1\" data-element_type=\"column\">\n\t\t\t<div class=\"elementor-widget-wrap elementor-element-populated\">\n\t\t\t\t\t\t<div class=\"elementor-element elementor-element-a40ae5b elementor-widget elementor-widget-text-editor\" data-id=\"a40ae5b\" data-element_type=\"widget\" data-widget_type=\"text-editor.default\">\n\t\t\t\t<div class=\"elementor-widget-container\">\n\t\t\t\t\t\t\t\t\t<span><span><a href=\"https:\/\/www.artigo.com\/fr\/\">Home<\/a><\/span><\/span>\n\t\t\t\t\t\t\t\t<\/div>\n\t\t\t\t<\/div>\n\t\t\t\t\t<\/div>\n\t\t<\/div>\n\t\t\t\t\t<\/div>\n\t\t<\/section>\n\t\t\t\t<section class=\"elementor-section elementor-top-section elementor-element elementor-element-e61bcc3 elementor-section-boxed elementor-section-height-default elementor-section-height-default\" data-id=\"e61bcc3\" data-element_type=\"section\">\n\t\t\t\t\t\t<div class=\"elementor-container elementor-column-gap-default\">\n\t\t\t\t\t<div class=\"elementor-column elementor-col-100 elementor-top-column elementor-element elementor-element-f648118\" data-id=\"f648118\" data-element_type=\"column\">\n\t\t\t<div class=\"elementor-widget-wrap elementor-element-populated\">\n\t\t\t\t\t\t<div class=\"elementor-element elementor-element-3324bdd elementor-widget elementor-widget-text-editor\" data-id=\"3324bdd\" data-element_type=\"widget\" data-widget_type=\"text-editor.default\">\n\t\t\t\t<div class=\"elementor-widget-container\">\n\t\t\t\t\t\t\t\t\t<h2><strong>Note d&rsquo;information sur le traitement des donn\u00e9es personnelles ex art. 13-14 R\u00e8glement UE 2016\/679 2016\/679<\/strong><\/h2>\n<div><b>Sujets int\u00e9ress\u00e9s : navigateurs de sites web et canaux sociaux.<\/b><\/div>\n<div>&nbsp;<\/div>\n<p>Artigo S.p.a. Societ\u00e0 Unipersonale en sa qualit\u00e9 de titulaire du traitement de vos donn\u00e9es personnelles, aux termes et par les effets du R\u00e8glement UE 2016\/679, appel\u00e9 par la suite &lsquo;RGPD&rsquo;, vous informe par la pr\u00e9sente que la r\u00e9glementation pr\u00e9cit\u00e9e pr\u00e9voit la protection des int\u00e9ress\u00e9s concernant le traitement des donn\u00e9es personnelles et que ce traitement r\u00e9pondra aux principes de rectitude, lic\u00e9it\u00e9, transparence et protection de votre confidentialit\u00e9 et de vos droits.<\/p>\n<p>Vos donn\u00e9es personnelles seront trait\u00e9es en accord avec les dispositions l\u00e9gislatives de la r\u00e9glementation pr\u00e9cit\u00e9e et des obligations de confidentialit\u00e9 qu\u2019elle prescrit.<\/p>\n<p>Finalit\u00e9s et base juridique du traitement : en particulier, vos donn\u00e9es seront utilis\u00e9es pour les finalit\u00e9s suivantes concernant l\u2019ex\u00e9cution de mesures li\u00e9es aux obligations contractuelles ou pr\u00e9-contractuelles :<\/p>\n<ul>\n<li>acc\u00e8s technique et fonctionnel au Site aucune donn\u00e9e n\u2019est conserv\u00e9e apr\u00e8s la fermeture du Browser;<\/li>\n<li>assistance apr\u00e8s-vente;<\/li>\n<li>finalit\u00e9 de navigation \u00c9volu\u00e9e ou gestion des contenus personnalis\u00e9e;<\/li>\n<li>finalit\u00e9 Statistique et d\u2019Analyse de la navigation et des utilisateurs;<\/li>\n<li>l&rsquo;envoi d&rsquo;informations commerciales et de publicit\u00e9 similaires \u00e0 la relation ant\u00e9rieure de fourniture de biens ou de services<\/li>\n<\/ul>\n<p>Vos donn\u00e9es personnelles pourront, par ailleurs, sur consentement de votre part, \u00eatre utilis\u00e9es pour les finalit\u00e9s suivantes :<\/p>\n<ul>\n<li>marketing et publicit\u00e9 par lettre d&rsquo;information, \u00e9galement sous forme personnalis\u00e9e en fonction de la segmentation.<\/li>\n<\/ul>\n<p>La concession des donn\u00e9es de votre part est facultative en ce qui concerne les finalit\u00e9s susmentionn\u00e9es, et un refus \u00e9ventuel de votre part au traitement ne compromet pas la continuit\u00e9 du rapport ou la conformit\u00e9 du traitement.<\/p>\n<p>Modalit\u00e9s du traitement. Modalit\u00e9s du traitement. Vos donn\u00e9es personnelles pourront \u00eatre trait\u00e9es selon les modalit\u00e9s suivantes :<\/p>\n<ul>\n<li>au moyen de calculateurs \u00e9lectroniques \u00e0 travers l\u2019emploi de logiciels g\u00e9r\u00e9s par des tiers;<\/li>\n<li>au moyen de calculateurs \u00e9lectroniques avec l\u2019emploi de logiciels g\u00e9r\u00e9s ou programm\u00e9s directement;<\/li>\n<li>la collecte de donn\u00e9es via des formulaires en ligne ou des pages d&rsquo;atterrissage;<\/li>\n<li>traitement temporaire sous Forme Anonyme.<\/li>\n<\/ul>\n<p>Tout traitement se fait dans le respect des modalit\u00e9s cit\u00e9es aux art. 6, 32 du RGPD et au moyen de l&rsquo;adoption des mesures de s\u00e9curit\u00e9 pr\u00e9vues.<\/p>\n<p><span style=\"font-style: inherit; font-weight: inherit;\">Vos donn\u00e9es seront trait\u00e9es uniquement par un personnel express\u00e9ment autoris\u00e9 par le Titulaire et, en particulier, par les cat\u00e9gories de pr\u00e9pos\u00e9s suivantes:<\/span><\/p>\n<ul>\n<li>programmateurs et analystes;<\/li>\n<li>bureau de marketing et de vente.<\/li>\n<\/ul>\n<p><span style=\"font-size: 1em;\">Communication: vos donn\u00e9es seront communiqu\u00e9es exclusivement \u00e0 des sujets comp\u00e9tents et sp\u00e9cifiquement d\u00e9sign\u00e9s pour l&rsquo;ex\u00e9cution des services n\u00e9cessaires \u00e0 une gestion correcte du rapport, avec la garantie de protection des droits de l&rsquo;int\u00e9ress\u00e9<\/span>:<\/p>\n<ul>\n<li>Bing : Services de marketing de Microsoft;<\/li>\n<li>Facebook : Service publicitaire, Target publicitaire, Personnalisation des contenus;<\/li>\n<li>Google Analytics : Target publicitaire, Analyse\/Mesurage, Optimisation;<\/li>\n<li>Google : Services publicitaires, Ciblage publicitaire, Analyse\/mesure, Personnalisation du contenu, Optimisation;<\/li>\n<li>LinkedIn : ciblage publicitaire, analyse\/mesure, personnalisation du contenu;<\/li>\n<li>Mailchimp.<\/li>\n<\/ul>\n<p>Diffusion : Vos donn\u00e9es personnelles ne seront en aucun cas diffus\u00e9es.<\/p>\n<p>Vos donn\u00e9es personnelles pourront par ailleurs \u00eatre transf\u00e9r\u00e9es, dans les limites des finalit\u00e9s susmentionn\u00e9es, dans les pays suivants:<\/p>\n<ul>\n<li>Pays UE;<\/li>\n<li>les pays tiers jug\u00e9s s\u00fbrs sur la base des d\u00e9cisions d&rsquo;ad\u00e9quation prises par la Commission Europ\u00e9enne;<\/li>\n<li>\u00c9tats-Unis.<\/li>\n<\/ul>\n<p>P\u00e9riode de Conservation. Nous vous informons que, dans le respect des principes de lic\u00e9it\u00e9, de limitation des finalit\u00e9s et de minimisation des donn\u00e9es, aux termes de l\u2019art. 5 du RGPD, la p\u00e9riode de conservation de vos donn\u00e9es personnelles est :<\/p>\n<ul>\n<li>\u00e9tablie pour un intervalle de temps non sup\u00e9rieur \u00e0 l\u2019obtention des finalit\u00e9s pour lesquelles elles sont recueillies et trait\u00e9es pour l\u2019ex\u00e9cution et l\u2019accomplissement des finalit\u00e9s contractuelles;<\/li>\n<li>\u00e9tablie pour un intervalle de temps non sup\u00e9rieur \u00e0 l\u2019accomplissement des services distribu\u00e9s;<\/li>\n<li>\u00e9tablie pour un intervalle de temps non sup\u00e9rieur \u00e0 l\u2019obtention des finalit\u00e9s pour lesquelles elles sont recueillies et trait\u00e9es et dans le respect des d\u00e9lais obligatoires prescrits par la loi.<\/li>\n<\/ul>\n<p><strong>Gestion des cookies:<\/strong> si vous avez des doutes ou des pr\u00e9occupations concernant l&rsquo;utilisation des cookies, vous pouvez toujours intervenir pour emp\u00eacher leur configuration et leur lecture, par exemple en modifiant les configurations concernant la confidentialit\u00e9 contenues \u00e0 l&rsquo;int\u00e9rieur de votre browser afin de bloquer certains types de cookies.<\/p>\n<p>\u00c9tant donn\u00e9 que chaque browser &#8211; et souvent diff\u00e9rentes versions du m\u00eame browser &#8211; diff\u00e8rent m\u00eame sensiblement les unes des autres, si vous pr\u00e9f\u00e9rez agir de fa\u00e7on autonome \u00e0 travers les pr\u00e9f\u00e9rences de votre Browser, vous pouvez trouver des informations d\u00e9taill\u00e9es sur la proc\u00e9dure n\u00e9cessaire dans le guide de votre Browser. Pour une vue d\u2019ensemble des modalit\u00e9s d\u2019action concernant les browser les plus communs, vous pouvez visiter l\u2019adresse www.cookiepedia.co.uk. Les soci\u00e9t\u00e9s publicitaires permettent par ailleurs de renoncer \u00e0 la r\u00e9ception d\u2019annonces cibl\u00e9es, si on le d\u00e9sire. Cela n\u2019emp\u00eache pas la configuration des cookies mais interrompt l\u2019usage et la collecte de certaines donn\u00e9es de la part de ces soci\u00e9t\u00e9s.<\/p>\n<p>Pour plus d&rsquo;informations et pour la possibilit\u00e9 de renonciation, visitez l&rsquo;adresse www.youronlinechoices.eu\/.<\/p>\n<p>Titulaire: le Titulaire du traitement des donn\u00e9es, aux termes de la Loi, est Artigo S.p.a. Societ\u00e0 Unipersonale (Via Cortemilia 32, Loc. Carpeneto, 17014 Cairo Montenotte (SV), Italie. T.V.A. n.: 01180390096) en la personne de son repr\u00e9sentant l\u00e9gal <em>pro tempore.<\/em><\/p>\n<p>Vous avez le droit d\u2019obtenir de la part du titulaire l\u2019\u00e9limination (droit \u00e0 l\u2019oubli), la limitation, la mise \u00e0 jour, la rectification, la portabilit\u00e9, l\u2019opposition au traitement des donn\u00e9es personnelles qui vous concernent, et en g\u00e9n\u00e9ral vous pouvez exercer tous les droits pr\u00e9vus par les art. 15, 16, 17, 18, 19, 20, 21, 22 du RGPD.<\/p>\n<p><strong>R\u00e8glement UE 2016\/679 : Art. 15, 16, 17, 18, 19, 20, 21, 22 &#8211; Droits de l&rsquo;Int\u00e9ress\u00e9<\/strong><\/p>\n<ol>\n<li>La personne concern\u00e9e a le droit d&rsquo;obtenir la confirmation de l&rsquo;existence ou de l&rsquo;inexistence de donn\u00e9es \u00e0 caract\u00e8re personnel la concernant, m\u00eame si elles ne sont pas encore enregistr\u00e9es, leur communication sous une forme intelligible et la possibilit\u00e9 d&rsquo;introduire une r\u00e9clamation aupr\u00e8s de l&rsquo;autorit\u00e9 de contr\u00f4le.<\/li>\n<li>L\u2019int\u00e9ress\u00e9 a le droit d\u2019obtenir l\u2019indication :<\/li>\n<\/ol>\n<p>a. de l\u2019origine des donn\u00e9es personnelles;<\/p>\n<p>b. des finalit\u00e9s et modalit\u00e9s du traitement;<\/p>\n<p>c. de la logique appliqu\u00e9e en cas de traitement effectu\u00e9 \u00e0 l\u2019aide d\u2019instruments \u00e9lectroniques;<\/p>\n<p>d. des donn\u00e9es personnelles d\u2019identification du titulaire, des responsables et du repr\u00e9sentant d\u00e9sign\u00e9 aux termes de l\u2019article 5, alin\u00e9a 2;<\/p>\n<p>e. des sujets ou des cat\u00e9gories de sujets auxquels les donn\u00e9es personnelles peuvent \u00eatre communiqu\u00e9es ou pouvant venir \u00e0 leur connaissance en qualit\u00e9 de repr\u00e9sentant d\u00e9sign\u00e9 sur le territoire du Pays, de responsables ou de pr\u00e9pos\u00e9s.<\/p>\n<ol start=\"3\">\n<li>L\u2019int\u00e9ress\u00e9 a le droit d\u2019obtenir l\u2019indication :<\/li>\n<\/ol>\n<p>a. la mise \u00e0 jour, la rectification ou, lorsqu\u2019il en a l\u2019int\u00e9r\u00eat, l\u2019int\u00e9gration des donn\u00e9es;<\/p>\n<p>b. l\u2019\u00e9limination, la transformation sous forme anonyme ou le blocage des donn\u00e9es trait\u00e9es en violation de la loi, y compris celles dont la conservation n\u2019est pas n\u00e9cessaire par rapport aux buts pour lesquels elles ont \u00e9t\u00e9 recueillies puis trait\u00e9es;<\/p>\n<p>c. l\u2019attestation que les op\u00e9rations cit\u00e9es aux lettres a) et b) ont \u00e9t\u00e9 mises \u00e0 la connaissance, m\u00eame en ce qui concerne leur contenu, des personnes auxquelles les donn\u00e9es ont \u00e9t\u00e9 communiqu\u00e9es ou diffus\u00e9es, \u00e0 l\u2019exception du cas o\u00f9 cet accomplissement se r\u00e9v\u00e8le impossible ou comporte un emploi de moyens manifestement disproportionn\u00e9 par rapport au droit garanti;<\/p>\n<p>d. la portabilit\u00e9 des donn\u00e9es.<\/p>\n<ol start=\"4\">\n<li>L\u2019int\u00e9ress\u00e9 a le droit de s\u2019opposer, totalement ou en partie:<\/li>\n<\/ol>\n<p>a. pour des raisons l\u00e9gitimes au traitement des donn\u00e9es personnelles le concernant, bien que pertinentes au but de la collecte;<\/p>\n<p>b. au traitement de donn\u00e9es personnelles le concernant \u00e0 des fins de transmission de mat\u00e9riel publicitaire ou de vente directe ou pour la r\u00e9alisation de recherches de march\u00e9 ou de communication commerciale.<\/p>\t\t\t\t\t\t\t\t<\/div>\n\t\t\t\t<\/div>\n\t\t\t\t\t<\/div>\n\t\t<\/div>\n\t\t\t\t\t<\/div>\n\t\t<\/section>\n\t\t\t\t<\/div>\n\t\t","protected":false},"excerpt":{"rendered":"<p>Note d&rsquo;information sur le traitement des donn\u00e9es personnelles ex art. 13-14 R\u00e8glement UE 2016\/679 2016\/679 Sujets int\u00e9ress\u00e9s : navigateurs de sites web et canaux sociaux. &nbsp; Artigo S.p.a. Societ\u00e0 Unipersonale en sa qualit\u00e9 de titulaire du traitement de vos donn\u00e9es personnelles, aux termes et par les effets du R\u00e8glement UE 2016\/679, appel\u00e9 par la suite [&hellip;]<\/p>\n","protected":false},"author":1,"featured_media":0,"parent":0,"menu_order":0,"comment_status":"closed","ping_status":"closed","template":"elementor_header_footer","meta":{"_acf_changed":false,"site-sidebar-layout":"no-sidebar","site-content-layout":"page-builder","ast-site-content-layout":"default","site-content-style":"default","site-sidebar-style":"default","ast-global-header-display":"","ast-banner-title-visibility":"","ast-main-header-display":"","ast-hfb-above-header-display":"","ast-hfb-below-header-display":"","ast-hfb-mobile-header-display":"","site-post-title":"disabled","ast-breadcrumbs-content":"","ast-featured-img":"disabled","footer-sml-layout":"","theme-transparent-header-meta":"default","adv-header-id-meta":"","stick-header-meta":"default","header-above-stick-meta":"","header-main-stick-meta":"","header-below-stick-meta":"","astra-migrate-meta-layouts":"default","ast-page-background-enabled":"default","ast-page-background-meta":{"desktop":{"background-color":"var(--ast-global-color-4)","background-image":"","background-repeat":"repeat","background-position":"center center","background-size":"auto","background-attachment":"scroll","background-type":"","background-media":"","overlay-type":"","overlay-color":"","overlay-opacity":"","overlay-gradient":""},"tablet":{"background-color":"","background-image":"","background-repeat":"repeat","background-position":"center center","background-size":"auto","background-attachment":"scroll","background-type":"","background-media":"","overlay-type":"","overlay-color":"","overlay-opacity":"","overlay-gradient":""},"mobile":{"background-color":"","background-image":"","background-repeat":"repeat","background-position":"center center","background-size":"auto","background-attachment":"scroll","background-type":"","background-media":"","overlay-type":"","overlay-color":"","overlay-opacity":"","overlay-gradient":""}},"ast-content-background-meta":{"desktop":{"background-color":"var(--ast-global-color-5)","background-image":"","background-repeat":"repeat","background-position":"center center","background-size":"auto","background-attachment":"scroll","background-type":"","background-media":"","overlay-type":"","overlay-color":"","overlay-opacity":"","overlay-gradient":""},"tablet":{"background-color":"var(--ast-global-color-5)","background-image":"","background-repeat":"repeat","background-position":"center center","background-size":"auto","background-attachment":"scroll","background-type":"","background-media":"","overlay-type":"","overlay-color":"","overlay-opacity":"","overlay-gradient":""},"mobile":{"background-color":"var(--ast-global-color-5)","background-image":"","background-repeat":"repeat","background-position":"center center","background-size":"auto","background-attachment":"scroll","background-type":"","background-media":"","overlay-type":"","overlay-color":"","overlay-opacity":"","overlay-gradient":""}},"footnotes":""},"categories":[],"tags":[],"class_list":["post-23140","page","type-page","status-publish","hentry"],"acf":[],"yoast_head":"<!-- This site is optimized with the Yoast SEO plugin v27.0 - https:\/\/yoast.com\/product\/yoast-seo-wordpress\/ -->\n<title>Privacy Policy - Artigo<\/title>\n<meta name=\"robots\" content=\"index, follow, max-snippet:-1, max-image-preview:large, max-video-preview:-1\" \/>\n<link rel=\"canonical\" href=\"https:\/\/www.artigo.com\/fr\/privacy_policy\/\" \/>\n<meta property=\"og:locale\" content=\"fr_FR\" \/>\n<meta property=\"og:type\" content=\"article\" \/>\n<meta property=\"og:title\" content=\"Privacy Policy - Artigo\" \/>\n<meta property=\"og:description\" content=\"Note d&rsquo;information sur le traitement des donn\u00e9es personnelles ex art. 13-14 R\u00e8glement UE 2016\/679 2016\/679 Sujets int\u00e9ress\u00e9s : navigateurs de sites web et canaux sociaux. &nbsp; Artigo S.p.a. Societ\u00e0 Unipersonale en sa qualit\u00e9 de titulaire du traitement de vos donn\u00e9es personnelles, aux termes et par les effets du R\u00e8glement UE 2016\/679, appel\u00e9 par la suite [&hellip;]\" \/>\n<meta property=\"og:url\" content=\"https:\/\/www.artigo.com\/fr\/privacy_policy\/\" \/>\n<meta property=\"og:site_name\" content=\"Artigo\" \/>\n<meta property=\"article:modified_time\" content=\"2025-04-13T15:33:08+00:00\" \/>\n<meta name=\"twitter:card\" content=\"summary_large_image\" \/>\n<meta name=\"twitter:label1\" content=\"Dur\u00e9e de lecture estim\u00e9e\" \/>\n\t<meta name=\"twitter:data1\" content=\"7 minutes\" \/>\n<script type=\"application\/ld+json\" class=\"yoast-schema-graph\">{\"@context\":\"https:\/\/schema.org\",\"@graph\":[{\"@type\":\"WebPage\",\"@id\":\"https:\/\/www.artigo.com\/fr\/privacy_policy\/\",\"url\":\"https:\/\/www.artigo.com\/fr\/privacy_policy\/\",\"name\":\"Privacy Policy - Artigo\",\"isPartOf\":{\"@id\":\"https:\/\/www.artigo.com\/#website\"},\"datePublished\":\"2022-06-09T08:21:13+00:00\",\"dateModified\":\"2025-04-13T15:33:08+00:00\",\"breadcrumb\":{\"@id\":\"https:\/\/www.artigo.com\/fr\/privacy_policy\/#breadcrumb\"},\"inLanguage\":\"fr-FR\",\"potentialAction\":[{\"@type\":\"ReadAction\",\"target\":[\"https:\/\/www.artigo.com\/fr\/privacy_policy\/\"]}]},{\"@type\":\"BreadcrumbList\",\"@id\":\"https:\/\/www.artigo.com\/fr\/privacy_policy\/#breadcrumb\",\"itemListElement\":[{\"@type\":\"ListItem\",\"position\":1,\"name\":\"Home\",\"item\":\"https:\/\/www.artigo.com\/fr\/\"},{\"@type\":\"ListItem\",\"position\":2,\"name\":\"Privacy Policy\"}]},{\"@type\":\"WebSite\",\"@id\":\"https:\/\/www.artigo.com\/#website\",\"url\":\"https:\/\/www.artigo.com\/\",\"name\":\"Artigo\",\"description\":\"Just another WordPress site\",\"publisher\":{\"@id\":\"https:\/\/www.artigo.com\/#organization\"},\"potentialAction\":[{\"@type\":\"SearchAction\",\"target\":{\"@type\":\"EntryPoint\",\"urlTemplate\":\"https:\/\/www.artigo.com\/?s={search_term_string}\"},\"query-input\":{\"@type\":\"PropertyValueSpecification\",\"valueRequired\":true,\"valueName\":\"search_term_string\"}}],\"inLanguage\":\"fr-FR\"},{\"@type\":\"Organization\",\"@id\":\"https:\/\/www.artigo.com\/#organization\",\"name\":\"Artigo\",\"url\":\"https:\/\/www.artigo.com\/\",\"logo\":{\"@type\":\"ImageObject\",\"inLanguage\":\"fr-FR\",\"@id\":\"https:\/\/www.artigo.com\/#\/schema\/logo\/image\/\",\"url\":\"https:\/\/www.artigo.com\/wp-content\/uploads\/2022\/05\/logo-quater.png\",\"contentUrl\":\"https:\/\/www.artigo.com\/wp-content\/uploads\/2022\/05\/logo-quater.png\",\"width\":170,\"height\":32,\"caption\":\"Artigo\"},\"image\":{\"@id\":\"https:\/\/www.artigo.com\/#\/schema\/logo\/image\/\"}}]}<\/script>\n<!-- \/ Yoast SEO plugin. -->","yoast_head_json":{"title":"Privacy Policy - Artigo","robots":{"index":"index","follow":"follow","max-snippet":"max-snippet:-1","max-image-preview":"max-image-preview:large","max-video-preview":"max-video-preview:-1"},"canonical":"https:\/\/www.artigo.com\/fr\/privacy_policy\/","og_locale":"fr_FR","og_type":"article","og_title":"Privacy Policy - Artigo","og_description":"Note d&rsquo;information sur le traitement des donn\u00e9es personnelles ex art. 13-14 R\u00e8glement UE 2016\/679 2016\/679 Sujets int\u00e9ress\u00e9s : navigateurs de sites web et canaux sociaux. &nbsp; Artigo S.p.a. Societ\u00e0 Unipersonale en sa qualit\u00e9 de titulaire du traitement de vos donn\u00e9es personnelles, aux termes et par les effets du R\u00e8glement UE 2016\/679, appel\u00e9 par la suite [&hellip;]","og_url":"https:\/\/www.artigo.com\/fr\/privacy_policy\/","og_site_name":"Artigo","article_modified_time":"2025-04-13T15:33:08+00:00","twitter_card":"summary_large_image","twitter_misc":{"Dur\u00e9e de lecture estim\u00e9e":"7 minutes"},"schema":{"@context":"https:\/\/schema.org","@graph":[{"@type":"WebPage","@id":"https:\/\/www.artigo.com\/fr\/privacy_policy\/","url":"https:\/\/www.artigo.com\/fr\/privacy_policy\/","name":"Privacy Policy - Artigo","isPartOf":{"@id":"https:\/\/www.artigo.com\/#website"},"datePublished":"2022-06-09T08:21:13+00:00","dateModified":"2025-04-13T15:33:08+00:00","breadcrumb":{"@id":"https:\/\/www.artigo.com\/fr\/privacy_policy\/#breadcrumb"},"inLanguage":"fr-FR","potentialAction":[{"@type":"ReadAction","target":["https:\/\/www.artigo.com\/fr\/privacy_policy\/"]}]},{"@type":"BreadcrumbList","@id":"https:\/\/www.artigo.com\/fr\/privacy_policy\/#breadcrumb","itemListElement":[{"@type":"ListItem","position":1,"name":"Home","item":"https:\/\/www.artigo.com\/fr\/"},{"@type":"ListItem","position":2,"name":"Privacy Policy"}]},{"@type":"WebSite","@id":"https:\/\/www.artigo.com\/#website","url":"https:\/\/www.artigo.com\/","name":"Artigo","description":"Just another WordPress site","publisher":{"@id":"https:\/\/www.artigo.com\/#organization"},"potentialAction":[{"@type":"SearchAction","target":{"@type":"EntryPoint","urlTemplate":"https:\/\/www.artigo.com\/?s={search_term_string}"},"query-input":{"@type":"PropertyValueSpecification","valueRequired":true,"valueName":"search_term_string"}}],"inLanguage":"fr-FR"},{"@type":"Organization","@id":"https:\/\/www.artigo.com\/#organization","name":"Artigo","url":"https:\/\/www.artigo.com\/","logo":{"@type":"ImageObject","inLanguage":"fr-FR","@id":"https:\/\/www.artigo.com\/#\/schema\/logo\/image\/","url":"https:\/\/www.artigo.com\/wp-content\/uploads\/2022\/05\/logo-quater.png","contentUrl":"https:\/\/www.artigo.com\/wp-content\/uploads\/2022\/05\/logo-quater.png","width":170,"height":32,"caption":"Artigo"},"image":{"@id":"https:\/\/www.artigo.com\/#\/schema\/logo\/image\/"}}]}},"_links":{"self":[{"href":"https:\/\/www.artigo.com\/fr\/wp-json\/wp\/v2\/pages\/23140","targetHints":{"allow":["GET"]}}],"collection":[{"href":"https:\/\/www.artigo.com\/fr\/wp-json\/wp\/v2\/pages"}],"about":[{"href":"https:\/\/www.artigo.com\/fr\/wp-json\/wp\/v2\/types\/page"}],"author":[{"embeddable":true,"href":"https:\/\/www.artigo.com\/fr\/wp-json\/wp\/v2\/users\/1"}],"replies":[{"embeddable":true,"href":"https:\/\/www.artigo.com\/fr\/wp-json\/wp\/v2\/comments?post=23140"}],"version-history":[{"count":9,"href":"https:\/\/www.artigo.com\/fr\/wp-json\/wp\/v2\/pages\/23140\/revisions"}],"predecessor-version":[{"id":51761,"href":"https:\/\/www.artigo.com\/fr\/wp-json\/wp\/v2\/pages\/23140\/revisions\/51761"}],"wp:attachment":[{"href":"https:\/\/www.artigo.com\/fr\/wp-json\/wp\/v2\/media?parent=23140"}],"wp:term":[{"taxonomy":"category","embeddable":true,"href":"https:\/\/www.artigo.com\/fr\/wp-json\/wp\/v2\/categories?post=23140"},{"taxonomy":"post_tag","embeddable":true,"href":"https:\/\/www.artigo.com\/fr\/wp-json\/wp\/v2\/tags?post=23140"}],"curies":[{"name":"wp","href":"https:\/\/api.w.org\/{rel}","templated":true}]}}