{"id":22290,"date":"2022-06-08T15:17:59","date_gmt":"2022-06-08T15:17:59","guid":{"rendered":"https:\/\/www.artigo.com\/condizioni-duso-2\/"},"modified":"2024-03-07T11:06:22","modified_gmt":"2024-03-07T11:06:22","slug":"condizioni-duso-2","status":"publish","type":"page","link":"https:\/\/www.artigo.com\/it\/condizioni-duso-2\/","title":{"rendered":"Condizioni d\u2019uso"},"content":{"rendered":"\t\t<div data-elementor-type=\"wp-page\" data-elementor-id=\"22290\" class=\"elementor elementor-22290 elementor-22260\" data-elementor-post-type=\"page\">\n\t\t\t\t\t\t<section class=\"elementor-section elementor-top-section elementor-element elementor-element-4d3c9ca elementor-section-boxed elementor-section-height-default elementor-section-height-default\" data-id=\"4d3c9ca\" data-element_type=\"section\">\n\t\t\t\t\t\t<div class=\"elementor-container elementor-column-gap-default\">\n\t\t\t\t\t<div class=\"elementor-column elementor-col-100 elementor-top-column elementor-element elementor-element-849aba7\" data-id=\"849aba7\" data-element_type=\"column\">\n\t\t\t<div class=\"elementor-widget-wrap elementor-element-populated\">\n\t\t\t\t\t\t<div class=\"elementor-element elementor-element-ed2534b elementor-widget elementor-widget-text-editor\" data-id=\"ed2534b\" data-element_type=\"widget\" data-widget_type=\"text-editor.default\">\n\t\t\t\t<div class=\"elementor-widget-container\">\n\t\t\t\t\t\t\t\t\t<span><span><a href=\"https:\/\/www.artigo.com\/it\/\">Home<\/a><\/span><\/span>\n\t\t\t\t\t\t\t\t<\/div>\n\t\t\t\t<\/div>\n\t\t\t\t\t<\/div>\n\t\t<\/div>\n\t\t\t\t\t<\/div>\n\t\t<\/section>\n\t\t\t\t<section class=\"elementor-section elementor-top-section elementor-element elementor-element-7b2f419 elementor-section-boxed elementor-section-height-default elementor-section-height-default\" data-id=\"7b2f419\" data-element_type=\"section\">\n\t\t\t\t\t\t<div class=\"elementor-container elementor-column-gap-default\">\n\t\t\t\t\t<div class=\"elementor-column elementor-col-100 elementor-top-column elementor-element elementor-element-9a4c48b\" data-id=\"9a4c48b\" data-element_type=\"column\">\n\t\t\t<div class=\"elementor-widget-wrap elementor-element-populated\">\n\t\t\t\t\t\t<div class=\"elementor-element elementor-element-e96bd63 elementor-widget elementor-widget-text-editor\" data-id=\"e96bd63\" data-element_type=\"widget\" data-widget_type=\"text-editor.default\">\n\t\t\t\t<div class=\"elementor-widget-container\">\n\t\t\t\t\t\t\t\t\t<h2><strong>CONDIZIONI D&#8217;USO<\/strong><\/h2>\n<p><strong>Oggetto<\/strong><\/p>\n<p>Le presenti condizioni generali d\u2019uso riguardanti l\u2019accesso e l\u2019uso del sito Artigo.com, accessibile mediante l\u2019url: www.artigo.com, sono regolate come segue.<\/p>\n<p>Il presente sito \u00e8 di propriet\u00e0 di Artigo S.p.a, nella persona del suo amministratore pro tempore (d\u2019ora in avanti il \u201ctitolare\u201d), via Cortemilia 32 \u2013 Carpeneto 17014 \u2013 Cairo Montenotte (SV), P.IVA: 01180390096, Iscritta al REA, numero SV 116897.<\/p>\n<p>L\u2019accesso al sito e il suo uso, presuppongono la lettura, la conoscenza e l\u2019accettazione di queste condizioni generali d\u2019uso.<\/p>\n<p><strong>Modifiche alle condizioni d\u2019uso<\/strong><\/p>\n<p>Il titolare potr\u00e0 modificare o semplicemente aggiornare, in tutto o in parte, queste condizioni d\u2019uso. Le modifiche e gli aggiornamenti di queste condizioni potranno essere notificati agli utenti nella home page non appena adottati e saranno vincolanti non appena pubblicati sul sito web in questa stessa sezione.<\/p>\n<p><strong>Propriet\u00e0 intellettuale<\/strong><\/p>\n<p>I contenuti presenti sul sito, quali, a titolo esemplificativo, le opere, le immagini, le fotografie, i dialoghi, le musiche, i suoni ed i video, i documenti, i disegni, le figure, i loghi ed ogni altro materiale, in qualsiasi formato, pubblicato sul sito medesimo, compresi i menu, le pagine web, la grafica, i colori, gli schemi, gli strumenti, i caratteri ed il design del sito, i diagrammi, il layouts, i metodi, i processi, le funzioni ed il software che fanno parte del sito, sono protetti dal diritto d\u2019autore e da ogni altro diritto di propriet\u00e0 intellettuale del titolare o di eventuali terzi dallo stesso contrattualizzati. \u00c8 vietata la riproduzione, in tutto o in parte, in qualsiasi forma, del sito e dei suoi contenuti, senza il consenso espresso in forma scritta del titolare.<\/p>\n<p>L\u2019utente \u00e8 autorizzato unicamente a visualizzare il sito ed i suoi contenuti fruendo dei relativi servizi ivi disponibili. L\u2019utente \u00e8, inoltre, autorizzato a compiere tutti quegli altri atti di riproduzione temporanei, privi di rilievo economico proprio, che sono considerati transitori o accessori, parte integrante ed essenziale della stessa visualizzazione e fruizione del Sito e dei suoi contenuti e tutte le altre operazioni di navigazione sul Sito che siano eseguite solo per un uso legittimo del medesimo.<\/p>\n<p>L\u2019utente non \u00e8 in alcun modo autorizzato ad eseguire alcuna riproduzione, su qualsiasi supporto, in tutto o in parte del sito e dei suoi contenuti. Qualsiasi atto di riproduzione dovr\u00e0 essere, di volta in volta, autorizzato dal titolare o, all\u2019occorrenza, dagli autori delle singole opere contenute nel sito. Tali operazioni di riproduzione dovranno essere comunque eseguite per scopi leciti e nel rispetto del diritto d\u2019autore e degli altri diritti di propriet\u00e0 intellettuale e degli autori delle singole opere contenute nel sito.<\/p>\n<p><strong>Utilizzo del sito e responsabilit\u00e0 dell\u2019utente<\/strong><\/p>\n<p>L\u2019accesso e l\u2019uso del sito, la visualizzazione delle pagine web, compresa la comunicazione con il titolare, costituiscono attivit\u00e0 condotte dall\u2019utente esclusivamente per usi personali estranei a qualsiasi attivit\u00e0 commerciale, imprenditoriale e professionale.<\/p>\n<p>L\u2019utente \u00e8 personalmente responsabile per l\u2019uso del sito e dei relativi contenuti. Il titolare infatti non potr\u00e0 essere considerato responsabile dell\u2019uso non conforme alle norme di legge vigenti, del sito web e dei contenuti da parte di ciascuno dei propri utenti, salva la responsabilit\u00e0 per dolo e colpa grave. In particolare, l\u2019utente sar\u00e0 l\u2019unico ed il solo unico responsabile per la comunicazione di informazioni e di dati non corretti, falsi o relativi a terzi soggetti, senza che questi abbiano espresso il loro consenso, nonch\u00e9 in considerazione di un uso non corretto degli stessi.<\/p>\n<p>Ogni materiale scaricato o altrimenti ottenuto attraverso l\u2019uso del servizio \u00e8 a scelta e a rischio dell\u2019utente, pertanto ogni responsabilit\u00e0 per eventuali danni a sistemi di computer o perdite di dati risultanti dalle operazioni di scarico ricade sull\u2019utente e non potr\u00e0 essere imputata al titolare.<\/p>\n<p>Il titolare declina ogni responsabilit\u00e0 per eventuali danni derivanti dall\u2019inaccessibilit\u00e0 ai servizi presenti sul sito o da eventuali danni causati da virus, file danneggiati, errori, omissioni, interruzioni del servizio, cancellazioni dei contenuti, problemi connessi alla rete, ai provider o a collegamenti telefonici e\/o telematici, ad accessi non autorizzati, ad alterazioni di dati, al mancato e\/o difettoso funzionamento delle apparecchiature elettroniche dell\u2019utente stesso.<\/p>\n<p>L\u2019utente \u00e8 responsabile della custodia e del corretto utilizzo delle proprie informazioni personali, ivi comprese le credenziali che consentono di accedere ai servizi riservati, nonch\u00e9 di ogni conseguenza dannosa o pregiudizio che dovesse derivare a carico del titolare ovvero di terzi a seguito del non corretto utilizzo, dello smarrimento, sottrazione di tali informazioni.<\/p>\n<p>Il titolare ha provveduto ad adottare ogni ragionevole accorgimento per evitare che siano pubblicati sul sito contenuti ed immagini che possano essere ritenuti lesivi del decoro, dei diritti umani e della dignit\u00e0 delle persone, in tutte le possibili forme ed espressioni. In ogni caso, qualora i suddetti contenuti siano ritenuti lesivi della sensibilit\u00e0 religiosa o etica o del decoro, l\u2019utente interessato \u00e8 pregato di comunicare tale condizione al titolare, il quale tuttavia avverte che ogni eventuale accesso ai contenuti considerati lesivi o offensivi avviene da parte dell\u2019utente a proprio insindacabile giudizio ed a sua esclusiva e personale responsabilit\u00e0.<\/p>\n<p>Il titolare ha inoltre adottato ogni utile precauzione affinch\u00e9 tutte le informazioni presenti sul sito siano corrette, complete ed aggiornate, tuttavia lo stesso non assume nei confronti degli utenti alcuna responsabilit\u00e0 circa l\u2019accuratezza e la completezza dei contenuti pubblicati sul sito, salvo quanto diversamente previsto dalla legge. Qualora un utente riscontrasse errori o mancati aggiornamenti delle informazioni presenti sul sito \u00e8 pregato di comunicarlo al titolare utilizzando la casella email: <a href=\"mailto:sito@artigo.com\">sito@artigo.com<\/a>.<\/p>\n<p><strong>Esclusione di responsabilit\u00e0<\/strong><\/p>\n<p>Come indicato in precedenza, il titolare svolge con la massima diligenza la cura e il mantenimento del sito e dei suoi contenuti, tuttavia, non si assume alcuna responsabilit\u00e0 per la correttezza, la completezza e la tempestivit\u00e0 dei dati e delle informazioni fornite sul sito o sui siti ad esso collegati. Deve perci\u00f2 escludersi ogni responsabilit\u00e0 per errori od omissioni derivanti dall\u2019uso dei dati e delle informazioni sul sito.<\/p>\n<p>Il titolare declina ogni responsabilit\u00e0, inclusa la presenza di errori, la correzione degli errori, la responsabilit\u00e0 del server ospitante il sito; non \u00e8 altres\u00ec responsabile dell\u2019uso delle informazioni contenute, della loro correttezza e affidabilit\u00e0. In nessun caso, inclusa la negligenza, il titolare sar\u00e0 responsabile di ogni diretto o indiretto danno che possa risultare dall\u2019uso, o dalla incapacit\u00e0 di usare, i materiali presenti nel sito.<\/p>\n<p><strong>Limitazioni all\u2019erogazione del servizio<\/strong><\/p>\n<p>Il titolare non potr\u00e0 essere ritenuto responsabile dei danni conseguenti alla mancata prestazione del servizio a causa dell\u2019errato o mancato funzionamento dei mezzi elettronici di comunicazione per cause estranee alla sfera del proprio prevedibile controllo. A titolo esemplificativo, ma non esaustivo, il malfunzionamento dei server ed altri dispositivi elettronici anche non facenti parte integrante della rete Internet, malfunzionamento dei software installati, virus informatici sull\u2019eventuale presenza di virus o altri componenti informatici nocivi e dannosi, nonch\u00e9 da azioni di hacker o altri utenti aventi accesso alla rete. L\u2019utente s\u2019impegna dunque a tenere indenne e manlevare il titolare da qualsiasi responsabilit\u00e0 e\/o richiesta al riguardo.<\/p>\n<p><strong>Link di altri siti<\/strong><\/p>\n<p>Il sito pu\u00f2 contenere collegamenti ipertestuali ad altri siti web che non hanno nessun collegamento con lo stesso. Il titolare non controlla n\u00e9 monitora di tali siti web e non ne garantisce pertanto in alcun modo i contenuti n\u00e9 la gestione dei dati. L\u2019utente dovr\u00e0 pertanto leggere attentamente le condizioni d\u2019uso dei siti terzi visitati e le relative privacy policy, in quanto le presenti condizioni d\u2019uso e la privacy policy del <a href=\"http:\/\/www.artigo.com\">sito<\/a> www.artigo.com si riferiscono unicamente al presente sito.<\/p>\n<p><strong>Link in altre pagine web<\/strong><\/p>\n<p>Il presente sito pu\u00f2 essere raggiunto anche attraverso siti terzi dove sar\u00e0 presente un link o banner per accedere al sito.<\/p>\n<p>L\u2019attivazione di link su siti terzi verso il presente sito \u00e8 possibile solamente previo consenso ed autorizzazione del titolare, che potr\u00e0 essere richiesta contattando lo stesso all\u2019indirizzo summenzionato, ovvero scrivendo all\u2019indirizzo email: <a href=\"mailto:sito@artigo.com\">sito@artigo.com<\/a>.<\/p>\n<p>L\u2019attivazione di link non autorizzati legittimer\u00e0 il titolare ad agire per l\u2019immediata disattivazione dei link illegittimi e per l\u2019eventuale riconoscimento della relativa pratica commerciale o concorrenza sleale ovvero azione a discapito del buon nome e della rinomanza del titolare, dei suoi servizi e delle societ\u00e0 del medesimo gruppo. \u00c8 in ogni caso vietata l\u2019attivazione di collegamenti ipertestuali profondi (quali deep frames o deep links) al Sito ovvero l\u2019uso non autorizzato di meta-tags.<\/p>\n<p><strong>Marchi<\/strong><\/p>\n<p>Tutti i marchi ed i segni distintivi presenti sul sito, anche relativi alle singole attivit\u00e0 svolte dal titolare, sono esclusiva del titolare medesimo o delle societ\u00e0 a lui referenti.<\/p>\n<p>Il titolare ha la facolt\u00e0 di far uso esclusivo dei suddetti marchi. Pertanto, qualsiasi uso non consentito, non autorizzato e\/o non conforme alla legge \u00e8 severamente vietato e comporta conseguenze legali. Non \u00e8 in alcun modo consentito usare detti marchi ed ogni altro segno distintivo presente sul sito per trarre indebitamente, anche indirettamente, vantaggio dal carattere distintivo o dalla rinomanza dei marchi del titolare o in modo da recare pregiudizio agli stessi ed ai loro titolari.<\/p>\n<p>Il dominio www.artigo.com cos\u00ec come le varie declinazioni ed i sottodomini sono di propriet\u00e0 del titolare. Nessun utilizzo, seppur indiretto, \u00e8 consentito, salva specifica autorizzazione scritta del titolare o dei titolari.<\/p>\n<p><strong>Trattamento dei dati<\/strong><\/p>\n<p>I dati dell\u2019utente sono trattati conformemente a quanto previsto dalla normativa in materia di protezione dei dati personali, come specificato nell\u2019apposita sezione contenente l\u2019informativa ai sensi dell\u2019art. 13 Regolamento UE 2016\/679 (Privacy Policy). Per pi\u00f9 informazioni accedere alla privacy policy del sito al link: <a href=\"http:\/\/www.artigo.com\/en\/privacy-policy\">www.artigo.com\/privacy-policy<\/a><\/p>\n<p><strong>Clausola di salvaguardia<\/strong><\/p>\n<p>Nell\u2019ipotesi in cui una delle clausole delle presenti condizioni generali d\u2019uso fosse nulla per qualsivoglia motivo ci\u00f2 non comprometter\u00e0 in nessun caso la validit\u00e0 e il rispetto delle altre disposizioni figuranti nelle presenti condizioni generali d\u2019uso.<\/p>\n<p><strong>Contatti<\/strong><\/p>\n<p>Ogni richiesta di informazione potr\u00e0 essere inviata via mail al seguente indirizzo <a href=\"mailto:sito@artigo.com\">sito@artigo.com<\/a>, via telefono al seguente recapito telefonico: 02.90786415, e via posta al seguente indirizzo: Artigo S.p.a. via Cortemilia 32 \u2013 Carpeneto 17014 \u2013 Cairo Montenotte (SV).<\/p>\n<p><strong>Legge applicabile e foro competente<\/strong><\/p>\n<p>Le presenti condizioni generali d\u2019uso sono disciplinate dal diritto italiano ed interpretate in base ad esso, fatta salva qualsiasi diversa norma imperativa prevalente del paese di residenza abituale dell\u2019utente. Nulla nelle presenti condizioni influisce sui diritti dell\u2019utente a beneficiare di tali norme prevalenti e dei diritti legali locali in qualit\u00e0 di consumatore. L\u2019utente e il titolare quindi riconoscono che l\u2019interpretazione, l\u2019esecuzione e risoluzione delle presenti condizioni generali d\u2019uso sono soggette esclusivamente alla legge Italiana.<\/p>\n<p>Le presenti condizioni sono state redatte in data 09\/05\/2019.<\/p>\n\t\t\t\t\t\t\t\t<\/div>\n\t\t\t\t<\/div>\n\t\t\t\t\t<\/div>\n\t\t<\/div>\n\t\t\t\t\t<\/div>\n\t\t<\/section>\n\t\t\t\t<\/div>\n\t\t","protected":false},"excerpt":{"rendered":"<p>CONDIZIONI D&#8217;USO Oggetto Le presenti condizioni generali d\u2019uso riguardanti l\u2019accesso e l\u2019uso del sito Artigo.com, accessibile mediante l\u2019url: www.artigo.com, sono regolate come segue. Il presente sito \u00e8 di propriet\u00e0 di Artigo S.p.a, nella persona del suo amministratore pro tempore (d\u2019ora in avanti il \u201ctitolare\u201d), via Cortemilia 32 \u2013 Carpeneto 17014 \u2013 Cairo Montenotte (SV), P.IVA: [&hellip;]<\/p>\n","protected":false},"author":1,"featured_media":0,"parent":0,"menu_order":0,"comment_status":"closed","ping_status":"closed","template":"elementor_header_footer","meta":{"_acf_changed":false,"site-sidebar-layout":"no-sidebar","site-content-layout":"page-builder","ast-site-content-layout":"default","site-content-style":"default","site-sidebar-style":"default","ast-global-header-display":"","ast-banner-title-visibility":"","ast-main-header-display":"","ast-hfb-above-header-display":"","ast-hfb-below-header-display":"","ast-hfb-mobile-header-display":"","site-post-title":"disabled","ast-breadcrumbs-content":"","ast-featured-img":"disabled","footer-sml-layout":"","theme-transparent-header-meta":"default","adv-header-id-meta":"","stick-header-meta":"default","header-above-stick-meta":"","header-main-stick-meta":"","header-below-stick-meta":"","astra-migrate-meta-layouts":"default","ast-page-background-enabled":"default","ast-page-background-meta":{"desktop":{"background-color":"var(--ast-global-color-4)","background-image":"","background-repeat":"repeat","background-position":"center center","background-size":"auto","background-attachment":"scroll","background-type":"","background-media":"","overlay-type":"","overlay-color":"","overlay-opacity":"","overlay-gradient":""},"tablet":{"background-color":"","background-image":"","background-repeat":"repeat","background-position":"center center","background-size":"auto","background-attachment":"scroll","background-type":"","background-media":"","overlay-type":"","overlay-color":"","overlay-opacity":"","overlay-gradient":""},"mobile":{"background-color":"","background-image":"","background-repeat":"repeat","background-position":"center center","background-size":"auto","background-attachment":"scroll","background-type":"","background-media":"","overlay-type":"","overlay-color":"","overlay-opacity":"","overlay-gradient":""}},"ast-content-background-meta":{"desktop":{"background-color":"var(--ast-global-color-5)","background-image":"","background-repeat":"repeat","background-position":"center center","background-size":"auto","background-attachment":"scroll","background-type":"","background-media":"","overlay-type":"","overlay-color":"","overlay-opacity":"","overlay-gradient":""},"tablet":{"background-color":"var(--ast-global-color-5)","background-image":"","background-repeat":"repeat","background-position":"center center","background-size":"auto","background-attachment":"scroll","background-type":"","background-media":"","overlay-type":"","overlay-color":"","overlay-opacity":"","overlay-gradient":""},"mobile":{"background-color":"var(--ast-global-color-5)","background-image":"","background-repeat":"repeat","background-position":"center center","background-size":"auto","background-attachment":"scroll","background-type":"","background-media":"","overlay-type":"","overlay-color":"","overlay-opacity":"","overlay-gradient":""}},"footnotes":""},"categories":[],"tags":[],"class_list":["post-22290","page","type-page","status-publish","hentry"],"acf":[],"yoast_head":"<!-- This site is optimized with the Yoast SEO plugin v27.0 - https:\/\/yoast.com\/product\/yoast-seo-wordpress\/ -->\n<title>Condizioni d\u2019uso - Artigo<\/title>\n<meta name=\"robots\" content=\"index, follow, max-snippet:-1, max-image-preview:large, max-video-preview:-1\" \/>\n<link rel=\"canonical\" href=\"https:\/\/www.artigo.com\/it\/condizioni-duso-2\/\" \/>\n<meta property=\"og:locale\" content=\"it_IT\" \/>\n<meta property=\"og:type\" content=\"article\" \/>\n<meta property=\"og:title\" content=\"Condizioni d\u2019uso - Artigo\" \/>\n<meta property=\"og:description\" content=\"CONDIZIONI D&#8217;USO Oggetto Le presenti condizioni generali d\u2019uso riguardanti l\u2019accesso e l\u2019uso del sito Artigo.com, accessibile mediante l\u2019url: www.artigo.com, sono regolate come segue. Il presente sito \u00e8 di propriet\u00e0 di Artigo S.p.a, nella persona del suo amministratore pro tempore (d\u2019ora in avanti il \u201ctitolare\u201d), via Cortemilia 32 \u2013 Carpeneto 17014 \u2013 Cairo Montenotte (SV), P.IVA: [&hellip;]\" \/>\n<meta property=\"og:url\" content=\"https:\/\/www.artigo.com\/it\/condizioni-duso-2\/\" \/>\n<meta property=\"og:site_name\" content=\"Artigo\" \/>\n<meta property=\"article:modified_time\" content=\"2024-03-07T11:06:22+00:00\" \/>\n<meta name=\"twitter:card\" content=\"summary_large_image\" \/>\n<meta name=\"twitter:label1\" content=\"Tempo di lettura stimato\" \/>\n\t<meta name=\"twitter:data1\" content=\"8 minuti\" \/>\n<script type=\"application\/ld+json\" class=\"yoast-schema-graph\">{\"@context\":\"https:\/\/schema.org\",\"@graph\":[{\"@type\":\"WebPage\",\"@id\":\"https:\/\/www.artigo.com\/it\/condizioni-duso-2\/\",\"url\":\"https:\/\/www.artigo.com\/it\/condizioni-duso-2\/\",\"name\":\"Condizioni d\u2019uso - Artigo\",\"isPartOf\":{\"@id\":\"https:\/\/www.artigo.com\/#website\"},\"datePublished\":\"2022-06-08T15:17:59+00:00\",\"dateModified\":\"2024-03-07T11:06:22+00:00\",\"breadcrumb\":{\"@id\":\"https:\/\/www.artigo.com\/it\/condizioni-duso-2\/#breadcrumb\"},\"inLanguage\":\"it-IT\",\"potentialAction\":[{\"@type\":\"ReadAction\",\"target\":[\"https:\/\/www.artigo.com\/it\/condizioni-duso-2\/\"]}]},{\"@type\":\"BreadcrumbList\",\"@id\":\"https:\/\/www.artigo.com\/it\/condizioni-duso-2\/#breadcrumb\",\"itemListElement\":[{\"@type\":\"ListItem\",\"position\":1,\"name\":\"Home\",\"item\":\"https:\/\/www.artigo.com\/it\/\"},{\"@type\":\"ListItem\",\"position\":2,\"name\":\"Condizioni d\u2019uso\"}]},{\"@type\":\"WebSite\",\"@id\":\"https:\/\/www.artigo.com\/#website\",\"url\":\"https:\/\/www.artigo.com\/\",\"name\":\"Artigo\",\"description\":\"Just another WordPress site\",\"publisher\":{\"@id\":\"https:\/\/www.artigo.com\/#organization\"},\"potentialAction\":[{\"@type\":\"SearchAction\",\"target\":{\"@type\":\"EntryPoint\",\"urlTemplate\":\"https:\/\/www.artigo.com\/?s={search_term_string}\"},\"query-input\":{\"@type\":\"PropertyValueSpecification\",\"valueRequired\":true,\"valueName\":\"search_term_string\"}}],\"inLanguage\":\"it-IT\"},{\"@type\":\"Organization\",\"@id\":\"https:\/\/www.artigo.com\/#organization\",\"name\":\"Artigo\",\"url\":\"https:\/\/www.artigo.com\/\",\"logo\":{\"@type\":\"ImageObject\",\"inLanguage\":\"it-IT\",\"@id\":\"https:\/\/www.artigo.com\/#\/schema\/logo\/image\/\",\"url\":\"https:\/\/www.artigo.com\/wp-content\/uploads\/2022\/05\/logo-quater.png\",\"contentUrl\":\"https:\/\/www.artigo.com\/wp-content\/uploads\/2022\/05\/logo-quater.png\",\"width\":170,\"height\":32,\"caption\":\"Artigo\"},\"image\":{\"@id\":\"https:\/\/www.artigo.com\/#\/schema\/logo\/image\/\"}}]}<\/script>\n<!-- \/ Yoast SEO plugin. -->","yoast_head_json":{"title":"Condizioni d\u2019uso - Artigo","robots":{"index":"index","follow":"follow","max-snippet":"max-snippet:-1","max-image-preview":"max-image-preview:large","max-video-preview":"max-video-preview:-1"},"canonical":"https:\/\/www.artigo.com\/it\/condizioni-duso-2\/","og_locale":"it_IT","og_type":"article","og_title":"Condizioni d\u2019uso - Artigo","og_description":"CONDIZIONI D&#8217;USO Oggetto Le presenti condizioni generali d\u2019uso riguardanti l\u2019accesso e l\u2019uso del sito Artigo.com, accessibile mediante l\u2019url: www.artigo.com, sono regolate come segue. Il presente sito \u00e8 di propriet\u00e0 di Artigo S.p.a, nella persona del suo amministratore pro tempore (d\u2019ora in avanti il \u201ctitolare\u201d), via Cortemilia 32 \u2013 Carpeneto 17014 \u2013 Cairo Montenotte (SV), P.IVA: [&hellip;]","og_url":"https:\/\/www.artigo.com\/it\/condizioni-duso-2\/","og_site_name":"Artigo","article_modified_time":"2024-03-07T11:06:22+00:00","twitter_card":"summary_large_image","twitter_misc":{"Tempo di lettura stimato":"8 minuti"},"schema":{"@context":"https:\/\/schema.org","@graph":[{"@type":"WebPage","@id":"https:\/\/www.artigo.com\/it\/condizioni-duso-2\/","url":"https:\/\/www.artigo.com\/it\/condizioni-duso-2\/","name":"Condizioni d\u2019uso - Artigo","isPartOf":{"@id":"https:\/\/www.artigo.com\/#website"},"datePublished":"2022-06-08T15:17:59+00:00","dateModified":"2024-03-07T11:06:22+00:00","breadcrumb":{"@id":"https:\/\/www.artigo.com\/it\/condizioni-duso-2\/#breadcrumb"},"inLanguage":"it-IT","potentialAction":[{"@type":"ReadAction","target":["https:\/\/www.artigo.com\/it\/condizioni-duso-2\/"]}]},{"@type":"BreadcrumbList","@id":"https:\/\/www.artigo.com\/it\/condizioni-duso-2\/#breadcrumb","itemListElement":[{"@type":"ListItem","position":1,"name":"Home","item":"https:\/\/www.artigo.com\/it\/"},{"@type":"ListItem","position":2,"name":"Condizioni d\u2019uso"}]},{"@type":"WebSite","@id":"https:\/\/www.artigo.com\/#website","url":"https:\/\/www.artigo.com\/","name":"Artigo","description":"Just another WordPress site","publisher":{"@id":"https:\/\/www.artigo.com\/#organization"},"potentialAction":[{"@type":"SearchAction","target":{"@type":"EntryPoint","urlTemplate":"https:\/\/www.artigo.com\/?s={search_term_string}"},"query-input":{"@type":"PropertyValueSpecification","valueRequired":true,"valueName":"search_term_string"}}],"inLanguage":"it-IT"},{"@type":"Organization","@id":"https:\/\/www.artigo.com\/#organization","name":"Artigo","url":"https:\/\/www.artigo.com\/","logo":{"@type":"ImageObject","inLanguage":"it-IT","@id":"https:\/\/www.artigo.com\/#\/schema\/logo\/image\/","url":"https:\/\/www.artigo.com\/wp-content\/uploads\/2022\/05\/logo-quater.png","contentUrl":"https:\/\/www.artigo.com\/wp-content\/uploads\/2022\/05\/logo-quater.png","width":170,"height":32,"caption":"Artigo"},"image":{"@id":"https:\/\/www.artigo.com\/#\/schema\/logo\/image\/"}}]}},"_links":{"self":[{"href":"https:\/\/www.artigo.com\/it\/wp-json\/wp\/v2\/pages\/22290","targetHints":{"allow":["GET"]}}],"collection":[{"href":"https:\/\/www.artigo.com\/it\/wp-json\/wp\/v2\/pages"}],"about":[{"href":"https:\/\/www.artigo.com\/it\/wp-json\/wp\/v2\/types\/page"}],"author":[{"embeddable":true,"href":"https:\/\/www.artigo.com\/it\/wp-json\/wp\/v2\/users\/1"}],"replies":[{"embeddable":true,"href":"https:\/\/www.artigo.com\/it\/wp-json\/wp\/v2\/comments?post=22290"}],"version-history":[{"count":2,"href":"https:\/\/www.artigo.com\/it\/wp-json\/wp\/v2\/pages\/22290\/revisions"}],"predecessor-version":[{"id":41199,"href":"https:\/\/www.artigo.com\/it\/wp-json\/wp\/v2\/pages\/22290\/revisions\/41199"}],"wp:attachment":[{"href":"https:\/\/www.artigo.com\/it\/wp-json\/wp\/v2\/media?parent=22290"}],"wp:term":[{"taxonomy":"category","embeddable":true,"href":"https:\/\/www.artigo.com\/it\/wp-json\/wp\/v2\/categories?post=22290"},{"taxonomy":"post_tag","embeddable":true,"href":"https:\/\/www.artigo.com\/it\/wp-json\/wp\/v2\/tags?post=22290"}],"curies":[{"name":"wp","href":"https:\/\/api.w.org\/{rel}","templated":true}]}}