{"id":23152,"date":"2022-06-09T08:21:13","date_gmt":"2022-06-09T08:21:13","guid":{"rendered":"https:\/\/www.artigo.com\/privacy-policy-2\/"},"modified":"2025-04-13T15:34:18","modified_gmt":"2025-04-13T15:34:18","slug":"privacy_policy","status":"publish","type":"page","link":"https:\/\/www.artigo.com\/it\/privacy_policy\/","title":{"rendered":"Privacy Policy"},"content":{"rendered":"\t\t<div data-elementor-type=\"wp-page\" data-elementor-id=\"23152\" class=\"elementor elementor-23152 elementor-22843\" data-elementor-post-type=\"page\">\n\t\t\t\t\t\t<section class=\"elementor-section elementor-top-section elementor-element elementor-element-26b8278 elementor-section-boxed elementor-section-height-default elementor-section-height-default\" data-id=\"26b8278\" data-element_type=\"section\">\n\t\t\t\t\t\t<div class=\"elementor-container elementor-column-gap-default\">\n\t\t\t\t\t<div class=\"elementor-column elementor-col-100 elementor-top-column elementor-element elementor-element-37e74b1\" data-id=\"37e74b1\" data-element_type=\"column\">\n\t\t\t<div class=\"elementor-widget-wrap elementor-element-populated\">\n\t\t\t\t\t\t<div class=\"elementor-element elementor-element-a40ae5b elementor-widget elementor-widget-text-editor\" data-id=\"a40ae5b\" data-element_type=\"widget\" data-widget_type=\"text-editor.default\">\n\t\t\t\t<div class=\"elementor-widget-container\">\n\t\t\t\t\t\t\t\t\t<span><span><a href=\"https:\/\/www.artigo.com\/it\/\">Home<\/a><\/span><\/span>\t\t\t\t\t\t\t\t<\/div>\n\t\t\t\t<\/div>\n\t\t\t\t\t<\/div>\n\t\t<\/div>\n\t\t\t\t\t<\/div>\n\t\t<\/section>\n\t\t\t\t<section class=\"elementor-section elementor-top-section elementor-element elementor-element-e61bcc3 elementor-section-boxed elementor-section-height-default elementor-section-height-default\" data-id=\"e61bcc3\" data-element_type=\"section\">\n\t\t\t\t\t\t<div class=\"elementor-container elementor-column-gap-default\">\n\t\t\t\t\t<div class=\"elementor-column elementor-col-100 elementor-top-column elementor-element elementor-element-f648118\" data-id=\"f648118\" data-element_type=\"column\">\n\t\t\t<div class=\"elementor-widget-wrap elementor-element-populated\">\n\t\t\t\t\t\t<div class=\"elementor-element elementor-element-3324bdd elementor-widget elementor-widget-text-editor\" data-id=\"3324bdd\" data-element_type=\"widget\" data-widget_type=\"text-editor.default\">\n\t\t\t\t<div class=\"elementor-widget-container\">\n\t\t\t\t\t\t\t\t\t<h2><strong>Informativa sul trattamento dei dati personali ex artt. 13-14 Reg.to UE 2016\/679<\/strong><\/h2>\n<div><strong>Soggetti Interessati: navigatori sito internet e canali social.<\/strong><\/div>\n<div>&nbsp;<\/div>\n<p>Artigo S.p.a. Societ\u00e0 Unipersonale nella qualit\u00e0 di Titolare del trattamento dei Suoi dati personali, ai sensi e per gli effetti del Reg.to UE 2016\/679 di seguito \u2018GDPR\u2019, con la presente La informa che la citata normativa prevede la tutela degli interessati rispetto al trattamento dei dati personali e che tale trattamento sar\u00e0 improntato ai principi di correttezza, liceit\u00e0, trasparenza e di tutela della Sua riservatezza e dei Suoi diritti.<\/p>\n<p>I Suoi dati personali verranno trattati in accordo alle disposizioni legislative della normativa sopra richiamata e degli obblighi di riservatezza ivi previsti.<\/p>\n<p>Finalit\u00e0 e base giuridica del trattamento: in particolare i Suoi dati saranno utilizzati per le seguenti finalit\u00e0 relative all\u2019esecuzione di misure connesse ad obblighi contrattuali o pre-contrattuali:<\/p>\n<ul>\n<li>accesso tecnico e funzionale al sito, nessun dato viene tenuto dopo la chiusura del browser;<\/li>\n<li>dar seguito alla richiesta dell&#8217;utente;<\/li>\n<li>finalit\u00e0 di navigazione evoluta o gestione dei contenuti personalizzata;<\/li>\n<li>finalit\u00e0 statistica e di analisi della navigazione e degli utenti;<\/li>\n<li>invio di informazioni commerciali e pubblicitarie analoghe al precedente rapporto di fornitura di beni o servizi.<\/li>\n<\/ul>\n<p>I Suoi dati personali potranno inoltre, previo suo consenso, essere utilizzati per le seguenti finalit\u00e0:<\/p>\n<ul>\n<li>marketing e pubblicit\u00e0 a mezzo newsletter anche in forma personalizzata basata sulla segmentazione.<\/li>\n<\/ul>\n<p>Il conferimento dei dati \u00e8 per Lei facoltativo riguardo alle sopraindicate finalit\u00e0, ed un suo eventuale rifiuto al trattamento non compromette la prosecuzione del rapporto o la congruit\u00e0 del trattamento stesso.<\/p>\n<p>Modalit\u00e0 del trattamento. I suoi dati personali potranno essere trattati nei seguenti modi:<\/p>\n<ul>\n<li>a mezzo calcolatori elettronici con utilizzo di sistemi software gestiti da Terzi;<\/li>\n<li>a mezzo calcolatori elettronici con utilizzo di sistemi software gestiti o programmati direttamente;<\/li>\n<li>raccolta di dati via moduli online o landing-page;<\/li>\n<li>trattamento temporaneo in forma anonima.<\/li>\n<\/ul>\n<p>Ogni trattamento avviene nel rispetto delle modalit\u00e0 di cui agli artt. 6, 32 del GDPR e mediante l&#8217;adozione delle adeguate misure di sicurezza previste.<\/p>\n<p>I suoi dati saranno trattati unicamente da personale espressamente autorizzato dal Titolare ed, in particolare, dalle seguenti categorie di personale autorizzato:<\/p>\n<ul>\n<li>programmatori e analisti;<\/li>\n<li>ufficio marketing e commerciale.<\/li>\n<\/ul>\n<p>Comunicazione: i suoi dati potranno essere comunicati a soggetti esterni per una corretta gestione del rapporto ed in particolare alle seguenti categorie di destinatari tra cui tutti i Responsabili del Trattamento debitamente nominati:<\/p>\n<ul>\n<li>Bing: Microsoft marketing services;<\/li>\n<li>Facebook: Servizio pubblicitario, Target pubblicitario, Personalizzazione dei contenuti;<\/li>\n<li>Google Analytics: Target pubblicitario, Analitica\/Misurazione, Ottimizzazione;<\/li>\n<li>Google: Servizio pubblicitario, Target pubblicitario, Analitica\/Misurazione, Personalizzazione dei contenuti, Ottimizzazione;<\/li>\n<li>LinkedIn: Target pubblicitario, Analitica\/Misurazione, Personalizzazione dei contenuti;<\/li>\n<li>Mailchimp.<\/li>\n<\/ul>\n<p>Diffusione: I suoi dati personali non verranno diffusi in alcun modo.<\/p>\n<p>I suoi dati personali potranno inoltre essere trasferiti, limitatamente alle finalit\u00e0 sopra riportate, nei seguenti stati:<\/p>\n<ul>\n<li>paesi UE;<\/li>\n<li>paesi Extra UE ritenuti sicuri in base a decisioni di adeguatezza della Commissione Europea;<\/li>\n<li>Stati Uniti.<\/li>\n<\/ul>\n<p>Periodo di Conservazione. Le segnaliamo che, nel rispetto dei principi di liceit\u00e0, limitazione delle finalit\u00e0 e minimizzazione dei dati, ai sensi dell\u2019art. 5 del GDPR, il periodo di conservazione dei Suoi dati personali \u00e8:<\/p>\n<ul>\n<li>stabilito per un arco di tempo non superiore al conseguimento delle finalit\u00e0 per le quali sono raccolti e trattati per l\u2019esecuzione e l\u2019espletamento delle finalit\u00e0 contrattuali;<\/li>\n<li>stabilito per un arco di tempo non superiore all\u2019espletamento dei servizi erogati;<\/li>\n<li>stabilito per un arco di tempo non superiore al conseguimento delle finalit\u00e0 per le quali sono raccolti e trattati e nel rispetto dei tempi obbligatori prescritti dalla legge.<\/li>\n<\/ul>\n<p><strong>Gestione dei cookie:<\/strong> nel caso in cui Lei abbia dubbi o preoccupazioni in merito all&#8217;utilizzo dei cookie Le \u00e8 sempre possibile intervenire per impedirne l&#8217;impostazione e la lettura, ad esempio modificando le impostazioni sulla privacy all&#8217;interno del Suo browser al fine di bloccarne determinati tipi.<\/p>\n<p>Poich\u00e9 ciascun browser &#8211; e spesso diverse versioni dello stesso browser &#8211; differiscono anche sensibilmente le une dalle altre se preferisce agire autonomamente mediante le preferenze del Suo browser pu\u00f2 trovare informazioni dettagliate sulla procedura necessaria nella guida del Suo browser. Per una panoramica delle modalit\u00e0 di azione per i browser pi\u00f9 comuni, pu\u00f2 visitare l\u2019indirizzo www.cookiepedia.co.uk.<\/p>\n<p>Le societ\u00e0 pubblicitarie consentono inoltre di rinunciare alla ricezione di annunci mirati, se lo si desidera. Ci\u00f2 non impedisce l\u2019impostazione dei cookie, ma interrompe l\u2019utilizzo e la raccolta di alcuni dati da parte di tali societ\u00e0.<\/p>\n<p>Per maggiori informazioni e possibilit\u00e0 di rinuncia, visitare l&#8217;indirizzo www.youronlinechoices.eu\/.<\/p>\n<p>Titolare: il Titolare del trattamento dei dati, ai sensi della Legge, \u00e8 ARTIGO SPA Societ\u00e0 Unipersonale (Via Cortemilia 32, LOC. CARPENETO , 17014 CAIRO MONTENOTTE (SV); P. IVA: 01180390096; contattabile ai seguenti recapiti: E-mail: privacy@artigo.com) nella persona del suo legale rappresentante pro tempore.<\/p>\n<p>Lei ha diritto di ottenere dal titolare la cancellazione (diritto all\u2019oblio), la limitazione, l\u2019aggiornamento, la rettificazione, la portabilit\u00e0, l\u2019opposizione al trattamento dei dati personali che La riguardano, nonch\u00e9 in generale pu\u00f2 esercitare tutti i diritti previsti dagli artt. 15, 16, 17, 18, 19, 20, 21, 22 del GDPR.<\/p>\n<p><strong>Reg.to UE 2016\/679: Artt. 15, 16, 17, 18, 19, 20, 21, 22 &#8211; Diritti dell&#8217;Interessato<\/strong><\/p>\n<ol>\n<li>L&#8217;interessato ha diritto di ottenere la conferma dell&#8217;esistenza o meno di dati personali che lo riguardano, anche se non ancora registrati, la loro comunicazione in forma intelligibile e la possibilit\u00e0 di effettuare reclamo presso l\u2019Autorit\u00e0 di controllo.<\/li>\n<li>L\u2019interessato ha diritto di ottenere l\u2019indicazione:<\/li>\n<\/ol>\n<p>a. dell\u2019origine dei dati personali;<\/p>\n<p><span style=\"font-style: inherit; font-weight: inherit;\">b. delle finalit\u00e0 e modalit\u00e0 del trattamento;<\/span><\/p>\n<p>c. della logica applicata in caso di trattamento effettuato con l\u2019ausilio di strumenti elettronici;<\/p>\n<p>d. degli estremi identificativi del titolare, dei responsabili e del rappresentante designato ai sensi dell\u2019articolo 5, comma 2;<\/p>\n<p>e. dei soggetti o delle categorie di soggetti ai quali i dati personali possono essere comunicati o che possono venirne a conoscenza in qualit\u00e0 di rappresentante designato nel territorio dello Stato, di responsabili o incaricati.<\/p>\n<ol start=\"3\">\n<li>L\u2019interessato ha diritto di ottenere:<\/li>\n<\/ol>\n<p>a. l\u2019aggiornamento, la rettificazione ovvero, quando vi ha interesse, l\u2019integrazione dei dati;<\/p>\n<p>b. la cancellazione, la trasformazione in forma anonima o il blocco dei dati trattati in violazione di legge, compresi quelli di cui non \u00e8 necessaria la conservazione in relazione agli scopi per i quali i dati sono stati raccolti o successivamente trattati;<\/p>\n<p>c. l\u2019attestazione che le operazioni di cui alle lettere a) e b) sono state portate a conoscenza, anche per quanto riguarda il loro contenuto, di coloro ai quali i dati sono stati comunicati o diffusi, eccettuato il caso in cui tale adempimento si rivela impossibile o comporta un impiego di mezzi manifestamente sproporzionato rispetto al diritto tutelato;<\/p>\n<p>d. la portabilit\u00e0 dei dati.<\/p>\n<ol start=\"4\">\n<li>L\u2019interessato ha diritto di opporsi, in tutto o in parte:<\/li>\n<\/ol>\n<p>a. per motivi legittimi al trattamento dei dati personali che lo riguardano, ancorch\u00e9 pertinenti allo scopo della raccolta;<\/p>\n<p>b. al trattamento di dati personali che lo riguardano a fini di invio di materiale pubblicitario o di vendita diretta o per il compimento di ricerche di mercato o di comunicazione commerciale.<\/p>\t\t\t\t\t\t\t\t<\/div>\n\t\t\t\t<\/div>\n\t\t\t\t\t<\/div>\n\t\t<\/div>\n\t\t\t\t\t<\/div>\n\t\t<\/section>\n\t\t\t\t<\/div>\n\t\t","protected":false},"excerpt":{"rendered":"<p>Informativa sul trattamento dei dati personali ex artt. 13-14 Reg.to UE 2016\/679 Soggetti Interessati: navigatori sito internet e canali social. &nbsp; Artigo S.p.a. Societ\u00e0 Unipersonale nella qualit\u00e0 di Titolare del trattamento dei Suoi dati personali, ai sensi e per gli effetti del Reg.to UE 2016\/679 di seguito \u2018GDPR\u2019, con la presente La informa che la [&hellip;]<\/p>\n","protected":false},"author":1,"featured_media":0,"parent":0,"menu_order":0,"comment_status":"closed","ping_status":"closed","template":"elementor_header_footer","meta":{"_acf_changed":false,"site-sidebar-layout":"no-sidebar","site-content-layout":"page-builder","ast-site-content-layout":"default","site-content-style":"default","site-sidebar-style":"default","ast-global-header-display":"","ast-banner-title-visibility":"","ast-main-header-display":"","ast-hfb-above-header-display":"","ast-hfb-below-header-display":"","ast-hfb-mobile-header-display":"","site-post-title":"disabled","ast-breadcrumbs-content":"","ast-featured-img":"disabled","footer-sml-layout":"","theme-transparent-header-meta":"default","adv-header-id-meta":"","stick-header-meta":"default","header-above-stick-meta":"","header-main-stick-meta":"","header-below-stick-meta":"","astra-migrate-meta-layouts":"default","ast-page-background-enabled":"default","ast-page-background-meta":{"desktop":{"background-color":"var(--ast-global-color-4)","background-image":"","background-repeat":"repeat","background-position":"center center","background-size":"auto","background-attachment":"scroll","background-type":"","background-media":"","overlay-type":"","overlay-color":"","overlay-opacity":"","overlay-gradient":""},"tablet":{"background-color":"","background-image":"","background-repeat":"repeat","background-position":"center center","background-size":"auto","background-attachment":"scroll","background-type":"","background-media":"","overlay-type":"","overlay-color":"","overlay-opacity":"","overlay-gradient":""},"mobile":{"background-color":"","background-image":"","background-repeat":"repeat","background-position":"center center","background-size":"auto","background-attachment":"scroll","background-type":"","background-media":"","overlay-type":"","overlay-color":"","overlay-opacity":"","overlay-gradient":""}},"ast-content-background-meta":{"desktop":{"background-color":"var(--ast-global-color-5)","background-image":"","background-repeat":"repeat","background-position":"center center","background-size":"auto","background-attachment":"scroll","background-type":"","background-media":"","overlay-type":"","overlay-color":"","overlay-opacity":"","overlay-gradient":""},"tablet":{"background-color":"var(--ast-global-color-5)","background-image":"","background-repeat":"repeat","background-position":"center center","background-size":"auto","background-attachment":"scroll","background-type":"","background-media":"","overlay-type":"","overlay-color":"","overlay-opacity":"","overlay-gradient":""},"mobile":{"background-color":"var(--ast-global-color-5)","background-image":"","background-repeat":"repeat","background-position":"center center","background-size":"auto","background-attachment":"scroll","background-type":"","background-media":"","overlay-type":"","overlay-color":"","overlay-opacity":"","overlay-gradient":""}},"footnotes":""},"categories":[],"tags":[],"class_list":["post-23152","page","type-page","status-publish","hentry"],"acf":[],"yoast_head":"<!-- This site is optimized with the Yoast SEO plugin v27.0 - https:\/\/yoast.com\/product\/yoast-seo-wordpress\/ -->\n<title>Privacy Policy - Artigo<\/title>\n<meta name=\"robots\" content=\"index, follow, max-snippet:-1, max-image-preview:large, max-video-preview:-1\" \/>\n<link rel=\"canonical\" href=\"https:\/\/www.artigo.com\/it\/privacy_policy\/\" \/>\n<meta property=\"og:locale\" content=\"it_IT\" \/>\n<meta property=\"og:type\" content=\"article\" \/>\n<meta property=\"og:title\" content=\"Privacy Policy - Artigo\" \/>\n<meta property=\"og:description\" content=\"Informativa sul trattamento dei dati personali ex artt. 13-14 Reg.to UE 2016\/679 Soggetti Interessati: navigatori sito internet e canali social. &nbsp; Artigo S.p.a. Societ\u00e0 Unipersonale nella qualit\u00e0 di Titolare del trattamento dei Suoi dati personali, ai sensi e per gli effetti del Reg.to UE 2016\/679 di seguito \u2018GDPR\u2019, con la presente La informa che la [&hellip;]\" \/>\n<meta property=\"og:url\" content=\"https:\/\/www.artigo.com\/it\/privacy_policy\/\" \/>\n<meta property=\"og:site_name\" content=\"Artigo\" \/>\n<meta property=\"article:modified_time\" content=\"2025-04-13T15:34:18+00:00\" \/>\n<meta name=\"twitter:card\" content=\"summary_large_image\" \/>\n<meta name=\"twitter:label1\" content=\"Tempo di lettura stimato\" \/>\n\t<meta name=\"twitter:data1\" content=\"6 minuti\" \/>\n<script type=\"application\/ld+json\" class=\"yoast-schema-graph\">{\"@context\":\"https:\/\/schema.org\",\"@graph\":[{\"@type\":\"WebPage\",\"@id\":\"https:\/\/www.artigo.com\/it\/privacy_policy\/\",\"url\":\"https:\/\/www.artigo.com\/it\/privacy_policy\/\",\"name\":\"Privacy Policy - Artigo\",\"isPartOf\":{\"@id\":\"https:\/\/www.artigo.com\/#website\"},\"datePublished\":\"2022-06-09T08:21:13+00:00\",\"dateModified\":\"2025-04-13T15:34:18+00:00\",\"breadcrumb\":{\"@id\":\"https:\/\/www.artigo.com\/it\/privacy_policy\/#breadcrumb\"},\"inLanguage\":\"it-IT\",\"potentialAction\":[{\"@type\":\"ReadAction\",\"target\":[\"https:\/\/www.artigo.com\/it\/privacy_policy\/\"]}]},{\"@type\":\"BreadcrumbList\",\"@id\":\"https:\/\/www.artigo.com\/it\/privacy_policy\/#breadcrumb\",\"itemListElement\":[{\"@type\":\"ListItem\",\"position\":1,\"name\":\"Home\",\"item\":\"https:\/\/www.artigo.com\/it\/\"},{\"@type\":\"ListItem\",\"position\":2,\"name\":\"Privacy Policy\"}]},{\"@type\":\"WebSite\",\"@id\":\"https:\/\/www.artigo.com\/#website\",\"url\":\"https:\/\/www.artigo.com\/\",\"name\":\"Artigo\",\"description\":\"Just another WordPress site\",\"publisher\":{\"@id\":\"https:\/\/www.artigo.com\/#organization\"},\"potentialAction\":[{\"@type\":\"SearchAction\",\"target\":{\"@type\":\"EntryPoint\",\"urlTemplate\":\"https:\/\/www.artigo.com\/?s={search_term_string}\"},\"query-input\":{\"@type\":\"PropertyValueSpecification\",\"valueRequired\":true,\"valueName\":\"search_term_string\"}}],\"inLanguage\":\"it-IT\"},{\"@type\":\"Organization\",\"@id\":\"https:\/\/www.artigo.com\/#organization\",\"name\":\"Artigo\",\"url\":\"https:\/\/www.artigo.com\/\",\"logo\":{\"@type\":\"ImageObject\",\"inLanguage\":\"it-IT\",\"@id\":\"https:\/\/www.artigo.com\/#\/schema\/logo\/image\/\",\"url\":\"https:\/\/www.artigo.com\/wp-content\/uploads\/2022\/05\/logo-quater.png\",\"contentUrl\":\"https:\/\/www.artigo.com\/wp-content\/uploads\/2022\/05\/logo-quater.png\",\"width\":170,\"height\":32,\"caption\":\"Artigo\"},\"image\":{\"@id\":\"https:\/\/www.artigo.com\/#\/schema\/logo\/image\/\"}}]}<\/script>\n<!-- \/ Yoast SEO plugin. -->","yoast_head_json":{"title":"Privacy Policy - Artigo","robots":{"index":"index","follow":"follow","max-snippet":"max-snippet:-1","max-image-preview":"max-image-preview:large","max-video-preview":"max-video-preview:-1"},"canonical":"https:\/\/www.artigo.com\/it\/privacy_policy\/","og_locale":"it_IT","og_type":"article","og_title":"Privacy Policy - Artigo","og_description":"Informativa sul trattamento dei dati personali ex artt. 13-14 Reg.to UE 2016\/679 Soggetti Interessati: navigatori sito internet e canali social. &nbsp; Artigo S.p.a. Societ\u00e0 Unipersonale nella qualit\u00e0 di Titolare del trattamento dei Suoi dati personali, ai sensi e per gli effetti del Reg.to UE 2016\/679 di seguito \u2018GDPR\u2019, con la presente La informa che la [&hellip;]","og_url":"https:\/\/www.artigo.com\/it\/privacy_policy\/","og_site_name":"Artigo","article_modified_time":"2025-04-13T15:34:18+00:00","twitter_card":"summary_large_image","twitter_misc":{"Tempo di lettura stimato":"6 minuti"},"schema":{"@context":"https:\/\/schema.org","@graph":[{"@type":"WebPage","@id":"https:\/\/www.artigo.com\/it\/privacy_policy\/","url":"https:\/\/www.artigo.com\/it\/privacy_policy\/","name":"Privacy Policy - Artigo","isPartOf":{"@id":"https:\/\/www.artigo.com\/#website"},"datePublished":"2022-06-09T08:21:13+00:00","dateModified":"2025-04-13T15:34:18+00:00","breadcrumb":{"@id":"https:\/\/www.artigo.com\/it\/privacy_policy\/#breadcrumb"},"inLanguage":"it-IT","potentialAction":[{"@type":"ReadAction","target":["https:\/\/www.artigo.com\/it\/privacy_policy\/"]}]},{"@type":"BreadcrumbList","@id":"https:\/\/www.artigo.com\/it\/privacy_policy\/#breadcrumb","itemListElement":[{"@type":"ListItem","position":1,"name":"Home","item":"https:\/\/www.artigo.com\/it\/"},{"@type":"ListItem","position":2,"name":"Privacy Policy"}]},{"@type":"WebSite","@id":"https:\/\/www.artigo.com\/#website","url":"https:\/\/www.artigo.com\/","name":"Artigo","description":"Just another WordPress site","publisher":{"@id":"https:\/\/www.artigo.com\/#organization"},"potentialAction":[{"@type":"SearchAction","target":{"@type":"EntryPoint","urlTemplate":"https:\/\/www.artigo.com\/?s={search_term_string}"},"query-input":{"@type":"PropertyValueSpecification","valueRequired":true,"valueName":"search_term_string"}}],"inLanguage":"it-IT"},{"@type":"Organization","@id":"https:\/\/www.artigo.com\/#organization","name":"Artigo","url":"https:\/\/www.artigo.com\/","logo":{"@type":"ImageObject","inLanguage":"it-IT","@id":"https:\/\/www.artigo.com\/#\/schema\/logo\/image\/","url":"https:\/\/www.artigo.com\/wp-content\/uploads\/2022\/05\/logo-quater.png","contentUrl":"https:\/\/www.artigo.com\/wp-content\/uploads\/2022\/05\/logo-quater.png","width":170,"height":32,"caption":"Artigo"},"image":{"@id":"https:\/\/www.artigo.com\/#\/schema\/logo\/image\/"}}]}},"_links":{"self":[{"href":"https:\/\/www.artigo.com\/it\/wp-json\/wp\/v2\/pages\/23152","targetHints":{"allow":["GET"]}}],"collection":[{"href":"https:\/\/www.artigo.com\/it\/wp-json\/wp\/v2\/pages"}],"about":[{"href":"https:\/\/www.artigo.com\/it\/wp-json\/wp\/v2\/types\/page"}],"author":[{"embeddable":true,"href":"https:\/\/www.artigo.com\/it\/wp-json\/wp\/v2\/users\/1"}],"replies":[{"embeddable":true,"href":"https:\/\/www.artigo.com\/it\/wp-json\/wp\/v2\/comments?post=23152"}],"version-history":[{"count":10,"href":"https:\/\/www.artigo.com\/it\/wp-json\/wp\/v2\/pages\/23152\/revisions"}],"predecessor-version":[{"id":51768,"href":"https:\/\/www.artigo.com\/it\/wp-json\/wp\/v2\/pages\/23152\/revisions\/51768"}],"wp:attachment":[{"href":"https:\/\/www.artigo.com\/it\/wp-json\/wp\/v2\/media?parent=23152"}],"wp:term":[{"taxonomy":"category","embeddable":true,"href":"https:\/\/www.artigo.com\/it\/wp-json\/wp\/v2\/categories?post=23152"},{"taxonomy":"post_tag","embeddable":true,"href":"https:\/\/www.artigo.com\/it\/wp-json\/wp\/v2\/tags?post=23152"}],"curies":[{"name":"wp","href":"https:\/\/api.w.org\/{rel}","templated":true}]}}