{"id":48054,"date":"2024-10-18T09:16:32","date_gmt":"2024-10-18T09:16:32","guid":{"rendered":"https:\/\/www.artigo.com\/politica-parita-di-genere\/"},"modified":"2024-10-21T12:37:56","modified_gmt":"2024-10-21T12:37:56","slug":"politica-parita-di-genere","status":"publish","type":"page","link":"https:\/\/www.artigo.com\/it\/politica-parita-di-genere\/","title":{"rendered":"Politica della parit\u00e0 di genere"},"content":{"rendered":"\t\t<div data-elementor-type=\"wp-page\" data-elementor-id=\"48054\" class=\"elementor elementor-48054 elementor-47996\" data-elementor-post-type=\"page\">\n\t\t\t\t\t\t<section class=\"elementor-section elementor-top-section elementor-element elementor-element-26b8278 elementor-section-boxed elementor-section-height-default elementor-section-height-default\" data-id=\"26b8278\" data-element_type=\"section\">\n\t\t\t\t\t\t<div class=\"elementor-container elementor-column-gap-default\">\n\t\t\t\t\t<div class=\"elementor-column elementor-col-100 elementor-top-column elementor-element elementor-element-37e74b1\" data-id=\"37e74b1\" data-element_type=\"column\">\n\t\t\t<div class=\"elementor-widget-wrap elementor-element-populated\">\n\t\t\t\t\t\t<div class=\"elementor-element elementor-element-a40ae5b elementor-widget elementor-widget-text-editor\" data-id=\"a40ae5b\" data-element_type=\"widget\" data-widget_type=\"text-editor.default\">\n\t\t\t\t<div class=\"elementor-widget-container\">\n\t\t\t\t\t\t\t\t\t<span><span><a href=\"https:\/\/www.artigo.com\/it\/\">Home<\/a><\/span><\/span>\n\t\t\t\t\t\t\t\t<\/div>\n\t\t\t\t<\/div>\n\t\t\t\t\t<\/div>\n\t\t<\/div>\n\t\t\t\t\t<\/div>\n\t\t<\/section>\n\t\t\t\t<section class=\"elementor-section elementor-top-section elementor-element elementor-element-e61bcc3 elementor-section-boxed elementor-section-height-default elementor-section-height-default\" data-id=\"e61bcc3\" data-element_type=\"section\">\n\t\t\t\t\t\t<div class=\"elementor-container elementor-column-gap-default\">\n\t\t\t\t\t<div class=\"elementor-column elementor-col-100 elementor-top-column elementor-element elementor-element-f648118\" data-id=\"f648118\" data-element_type=\"column\">\n\t\t\t<div class=\"elementor-widget-wrap elementor-element-populated\">\n\t\t\t\t\t\t<div class=\"elementor-element elementor-element-3324bdd elementor-widget__width-initial elementor-widget elementor-widget-text-editor\" data-id=\"3324bdd\" data-element_type=\"widget\" data-widget_type=\"text-editor.default\">\n\t\t\t\t<div class=\"elementor-widget-container\">\n\t\t\t\t\t\t\t\t\t<h2 style=\"font-style: normal; text-align: start;\"><span style=\"font-weight: bold;\">Politica della parit\u00e0 di genere<\/span><\/h2>\n<div><span style=\"font-weight: bold;\">&nbsp;<\/span><\/div>\n<p>Le persone che fanno parte dell\u2019azienda ne costituiscono il vero vantaggio competitivo. I principi di inclusione e non discriminazione rappresentano, per Artigo S.p.A., valore imprescindibile di civilt\u00e0 e di affermazione dei diritti universali dell\u2019umanit\u00e0, oltre che un fattore strategico per lo sviluppo dell\u2019azienda. Infatti, rendere l\u2019ambiente di lavoro inclusivo e ricco nella diversit\u00e0 \u00e8 una responsabilit\u00e0 etica ma anche un fattore di successo, che alimenta processi innovativi, stimola le risorse umane e genera valore per l\u2019azienda e i per i nostri clienti. Perci\u00f2 Artigo S.p.A. incoraggia le buone pratiche aziendali che garantiscano in tutti i processi aziendali la tutela della diversit\u00e0 e dell\u2019inclusione, incoraggino l\u2019empowerment femminile e assicurino uguali opportunit\u00e0 e trattamento.<\/p>\n<p>Coerentemente a questi principi e nel solco tracciato dal documento \u201cStrategia Nazionale per la Parit\u00e0 di genere\u201d emanato dal Dipartimento per le Pari Opportunit\u00e0 e dal \u201cGender Equality Strategy 2020-2025\u201d della Commissione Europea, Artigo S.p.A. ha impostato un modello gestionale e un relativo <strong>Piano Strategico<\/strong> in conformit\u00e0 con i requisiti della Prassi di riferimento <strong>UNI\/PdR 125:2022<\/strong> volto al raggiungimento di obiettivi che coprono, ma non si limitano al, tema della parit\u00e0 di genere e ha creato un Comitato Guida che supervisiona sulla sua corretta attuazione..<\/p>\n<p>All\u2019interno di tale modello gestionale, la presente <strong>Politica <\/strong>vuole formalizzare e comunicare ai propri stakeholder l\u2019impegno nella creazione di un ambiente di lavoro inclusivo ed equo, che valorizzi le diversit\u00e0 e ripudi qualsiasi forma di discriminazione. Tale impegno \u00e8 declinato nei seguenti ambiti:<\/p>\n<h4>FORMAZIONE<\/h4>\n<p>L\u2019azienda riconosce il valore della formazione e ne promuove l\u2019accesso e la diffusione, sensibilizzando inoltre le proprie persone alla conoscenza e al rispetto dei principi di diversit\u00e0 ed inclusione attraverso specifica <strong>formazione <\/strong>su principi etici e<em> best practice<\/em> relativi ai temi dell\u2019inclusivit\u00e0, parit\u00e0 di genere, sostenibilit\u00e0 e <em>work life balance<\/em>.<\/p>\n<h4>GESTIONE DELLE SEGNALAZIONI<\/h4>\n<p>L\u2019azienda mette in atto un approccio di tolleranza zero contro ogni forma di molestia o abuso fisico, verbale, digitale o qualsiasi altro comportamento offensivo e discriminatorio e incoraggia chiunque ritenga di aver riscontrato una mancanza di equit\u00e0 di trattamento e\/o di aver assistito\/essere vittima di episodi di discriminazione a darne notizia attraverso comunicazione anonima da introdurre nell\u2019apposita cassetta delle segnalazioni in materia di parit\u00e0 di genere che, in linea con quanto disposto dalla Direttiva Europea sul Whistleblowing (2019\/1937), garantisce l\u2019assenza di ritorsioni nei confronti della persona segnalante. Artigo S.p.A. si impegna ad attuare concrete misure di contrasto, che siano adeguate e proporzionate al comportamento perpetrato.<\/p>\n<h4>ACCESSO AL LAVORO<\/h4>\n<p>L\u2019azienda si impegna a creare e implementare procedure atte a prevenire qualsiasi forma di discriminazione e a garantire l\u2019equit\u00e0, valorizzando le diversit\u00e0, fin dalle fasi di recruitment e selezione. Per garantire che la scelta della candidatura pi\u00f9 idonea sia basata esclusivamente su capacit\u00e0 e competenze, Artigo S.p.A. si impegna a formare il personale incaricato delle delicate fasi di recruitment e selezione a riconoscere, quindi gestire, eventuali <em>unconscious bias<\/em> che potrebbero influenzarne il decorso.<\/p>\n<h4>SVILUPPO DI CARRIERA<\/h4>\n<p>Artigo S.p.A. sostiene un <strong>accesso inclusivo<\/strong>, nei confronti di tutte le dimensioni della diversit\u00e0, ai percorsi di crescita interni e di <strong>sviluppo della carriera<\/strong>. A tal fine, l\u2019azienda ha sviluppato il proprio processo di valutazione delle performance su criteri oggettivi e, per incoraggiare una linea di condotta rispettosa e tutelante nei confronti delle varie dimensioni della diversit\u00e0, ha inserito tra i KPI anche la propensione della persona valutata ad avere comportamenti in linea con i principi D&amp;I. &nbsp;<\/p>\n<h4><strong>&nbsp;<\/strong><span style=\"color: #090909;\">EQUIT\u00c0 SALARIALE<\/span><\/h4>\n<p>L\u2019azienda si impegna ad analizzare la situazione retributiva sulla base di indicatori di diversit\u00e0 e ridurre, fino ad eliminare, eventuali disparit\u00e0 salariali non giustificabili sulla base di criteri oggettivi e neutri, in modo da assicurare l\u2019equa remunerazione di lavori e occupazioni con equivalente valore in termini di mansione e livello<\/p>\n<h4>EQUILIBRIO VITA PRIVATA-LAVORATIVA<\/h4>\n<p>Nella volont\u00e0 di sostenere il benessere delle sue persone, l\u2019azienda adotta politiche, procedure e soluzioni a promozione dell\u2019equilibrio tra vita privata e lavorativa e, nello specifico, a sostegno dei\/delle dipendenti che espletano attivit\u00e0 di <em>caregiving <\/em>e a supporto della genitorialit\u00e0 nelle sue diverse forme.<\/p>\n<h4>COMUNICAZIONE E LINGUAGGIO<\/h4>\n<p>L\u2019azienda si impegna ad utilizzare e promuovere, nella propria comunicazione interna ed esterna, un linguaggio non discriminatorio e non categorizzato in base al genere e a <strong>comunicare in modo trasparente<\/strong>, sia internamente che esternamente, la propria volont\u00e0 di promuovere e tutelare le pari opportunit\u00e0.<\/p>\n<h4>RISORSE<\/h4>\n<p>allocare <strong>risorse adeguate<\/strong>, sia in termini di budget che di personale, al raggiungimento e al mantenimento degli <strong>obiettivi<\/strong> contenuti nel <strong>Piano Strategico<\/strong>.<\/p>\n<p>Inoltre, per misurare e monitorare lo stato di avanzamento degli obiettivi all\u2019interno del Piano Strategico, Artigo S.p.A. ha indentificato specifici <strong>indicatori di performance (KPI)<\/strong>, suddivisi in base alle sei aree tematiche della prassi:<\/p>\n<ol>\n<li><strong>Cultura e Strategia<\/strong><\/li>\n<li><strong>Governance<\/strong><\/li>\n<li><strong>Processi HR<\/strong><\/li>\n<li><strong>Opportunit\u00e0 di crescita ed inclusione delle donne in azienda<\/strong><\/li>\n<li><strong>Equit\u00e0 remunerativa per genere <\/strong><\/li>\n<li><strong>Tutela della genitorialit\u00e0 e conciliazione vita lavoro<\/strong><\/li>\n<\/ol>\n<p>La Politica della Parit\u00e0 di Genere affonda le proprie radici, oltre che nei valori aziendali, nelle <strong>disposizioni contrattuali<\/strong>, nelle<strong> norme nazionali e internazionali <\/strong>vigenti e nei r<strong>equisiti degli standard internazionali.<\/strong><\/p>\n<p>La presente politica di parit\u00e0 di genere aziendale \u00e8 definita dall\u2019Alta Direzione, in coordinamento con il Comitato Guida<\/p>\n<p><\/p>\n<table style=\"border-collapse: collapse; margin-left: 4.8pt; margin-right: 4.8pt; height: 112px;\" border=\"0\" width=\"569\" cellspacing=\"0\" cellpadding=\"0\" align=\"left\">\n<tbody>\n<tr style=\"mso-yfti-irow: 0; mso-yfti-firstrow: yes; page-break-inside: avoid; height: 17.1pt;\">\n<td style=\"width: 64.45pt; border: solid windowtext 1.0pt; mso-border-alt: solid windowtext .5pt; padding: 0cm 3.55pt 0cm 3.55pt; height: 17.1pt;\" valign=\"top\" width=\"86\">\n<p style=\"line-height: 115%;\"><b><span style=\"font-family: 'Arial',sans-serif;\">Rev.<\/span><\/b><\/p>\n<\/td>\n<td style=\"width: 64.35pt; border: solid windowtext 1.0pt; border-left: none; mso-border-left-alt: solid windowtext .5pt; mso-border-alt: solid windowtext .5pt; padding: 0cm 3.55pt 0cm 3.55pt; height: 17.1pt;\" valign=\"top\" width=\"86\">\n<p style=\"margin-left: 1.7pt; text-indent: 0.3pt; line-height: 115%;\"><b><span style=\"font-family: 'Arial',sans-serif;\">Data<\/span><\/b><\/p>\n<\/td>\n<td style=\"width: 149.15pt; border: solid windowtext 1.0pt; border-left: none; mso-border-left-alt: solid windowtext .5pt; mso-border-alt: solid windowtext .5pt; padding: 0cm 3.55pt 0cm 3.55pt; height: 17.1pt;\" valign=\"top\" width=\"199\">\n<p style=\"margin-left: 3.6pt; line-height: 115%;\"><b><span style=\"font-family: 'Arial',sans-serif;\">Redazione&nbsp;<\/span><\/b><\/p>\n<\/td>\n<td style=\"width: 67.65pt; border: solid windowtext 1.0pt; border-left: none; mso-border-left-alt: solid windowtext .5pt; mso-border-alt: solid windowtext .5pt; padding: 0cm 3.55pt 0cm 3.55pt; height: 17.1pt;\" valign=\"top\" width=\"90\">\n<p style=\"line-height: 115%;\"><b><span style=\"font-family: 'Arial',sans-serif;\">Data<\/span><\/b><\/p>\n<\/td>\n<td style=\"width: 162.7pt; border: solid windowtext 1.0pt; border-left: none; mso-border-left-alt: solid windowtext .5pt; mso-border-alt: solid windowtext .5pt; padding: 0cm 3.55pt 0cm 3.55pt; height: 17.1pt;\" valign=\"top\" width=\"217\">\n<p style=\"line-height: 115%;\"><b><span style=\"font-family: 'Arial',sans-serif;\">Approvazione<\/span><\/b><\/p>\n<\/td>\n<\/tr>\n<tr style=\"mso-yfti-irow: 1; mso-yfti-lastrow: yes; page-break-inside: avoid; height: 38.5pt;\">\n<td style=\"width: 64.45pt; border: solid windowtext 1.0pt; border-top: none; mso-border-top-alt: .5pt; mso-border-left-alt: .75pt; mso-border-bottom-alt: .5pt; mso-border-right-alt: .75pt; mso-border-color-alt: windowtext; mso-border-style-alt: solid; padding: 0cm 3.55pt 0cm 3.55pt; height: 38.5pt;\" valign=\"top\" width=\"86\">\n<p style=\"line-height: 115%;\"><span style=\"font-family: 'Arial',sans-serif;\">00<\/span><\/p>\n<\/td>\n<td style=\"width: 64.35pt; border-top: none; border-left: none; border-bottom: solid windowtext 1.0pt; border-right: solid windowtext 1.0pt; mso-border-top-alt: solid windowtext .75pt; mso-border-left-alt: solid windowtext .75pt; mso-border-alt: solid windowtext .75pt; padding: 0cm 3.55pt 0cm 3.55pt; height: 38.5pt;\" valign=\"top\" width=\"86\">\n<p style=\"margin-left: 1.7pt; text-indent: 0.3pt; line-height: 115%;\"><span style=\"font-family: 'Arial',sans-serif;\">08\/08\/2024<\/span><\/p>\n<\/td>\n<td style=\"width: 149.15pt; border-top: none; border-left: none; border-bottom: solid windowtext 1.0pt; border-right: solid windowtext 1.0pt; mso-border-top-alt: solid windowtext .75pt; mso-border-left-alt: solid windowtext .75pt; mso-border-alt: solid windowtext .75pt; padding: 0cm 3.55pt 0cm 3.55pt; height: 38.5pt;\" valign=\"top\" width=\"199\">\n<p style=\"margin-left: 3.6pt; line-height: 115%;\"><span style=\"font-family: 'Arial',sans-serif;\">Ginevra Astesiano<\/span><\/p>\n<p style=\"margin-left: 3.6pt; line-height: 115%;\"><span style=\"font-family: 'Arial',sans-serif;\">(Comitato Guida)<\/span><\/p>\n<\/td>\n<td style=\"width: 67.65pt; border-top: none; border-left: none; border-bottom: solid windowtext 1.0pt; border-right: solid windowtext 1.0pt; mso-border-top-alt: solid windowtext .75pt; mso-border-left-alt: solid windowtext .75pt; mso-border-alt: solid windowtext .75pt; padding: 0cm 3.55pt 0cm 3.55pt; height: 38.5pt;\" valign=\"top\" width=\"90\">\n<p style=\"margin-left: 2.1pt; line-height: 115%;\"><span style=\"font-family: 'Arial',sans-serif;\">08\/08\/2024<\/span><\/p>\n<\/td>\n<td style=\"width: 162.7pt; border-top: none; border-left: none; border-bottom: solid windowtext 1.0pt; border-right: solid windowtext 1.0pt; mso-border-top-alt: solid windowtext .75pt; mso-border-left-alt: solid windowtext .75pt; mso-border-alt: solid windowtext .75pt; padding: 0cm 3.55pt 0cm 3.55pt; height: 38.5pt;\" valign=\"top\" width=\"217\">\n<p style=\"margin-left: 2.1pt; line-height: 115%;\"><span style=\"font-family: 'Arial',sans-serif;\">Luca Pedrazzi<\/span><\/p>\n<p style=\"margin-left: 2.1pt; line-height: 115%;\"><span style=\"font-family: 'Arial',sans-serif;\">(Direzione)<\/span><\/p>\n<\/td>\n<\/tr>\n<\/tbody>\n<\/table>\t\t\t\t\t\t\t\t<\/div>\n\t\t\t\t<\/div>\n\t\t\t\t\t<\/div>\n\t\t<\/div>\n\t\t\t\t\t<\/div>\n\t\t<\/section>\n\t\t\t\t<\/div>\n\t\t","protected":false},"excerpt":{"rendered":"<p>Politica della parit\u00e0 di genere &nbsp; Le persone che fanno parte dell\u2019azienda ne costituiscono il vero vantaggio competitivo. I principi di inclusione e non discriminazione rappresentano, per Artigo S.p.A., valore imprescindibile di civilt\u00e0 e di affermazione dei diritti universali dell\u2019umanit\u00e0, oltre che un fattore strategico per lo sviluppo dell\u2019azienda. Infatti, rendere l\u2019ambiente di lavoro inclusivo [&hellip;]<\/p>\n","protected":false},"author":7,"featured_media":0,"parent":0,"menu_order":0,"comment_status":"closed","ping_status":"closed","template":"elementor_header_footer","meta":{"_acf_changed":false,"site-sidebar-layout":"no-sidebar","site-content-layout":"page-builder","ast-site-content-layout":"default","site-content-style":"default","site-sidebar-style":"default","ast-global-header-display":"","ast-banner-title-visibility":"","ast-main-header-display":"","ast-hfb-above-header-display":"","ast-hfb-below-header-display":"","ast-hfb-mobile-header-display":"","site-post-title":"disabled","ast-breadcrumbs-content":"","ast-featured-img":"disabled","footer-sml-layout":"","theme-transparent-header-meta":"default","adv-header-id-meta":"","stick-header-meta":"default","header-above-stick-meta":"","header-main-stick-meta":"","header-below-stick-meta":"","astra-migrate-meta-layouts":"default","ast-page-background-enabled":"default","ast-page-background-meta":{"desktop":{"background-color":"var(--ast-global-color-4)","background-image":"","background-repeat":"repeat","background-position":"center center","background-size":"auto","background-attachment":"scroll","background-type":"","background-media":"","overlay-type":"","overlay-color":"","overlay-opacity":"","overlay-gradient":""},"tablet":{"background-color":"","background-image":"","background-repeat":"repeat","background-position":"center center","background-size":"auto","background-attachment":"scroll","background-type":"","background-media":"","overlay-type":"","overlay-color":"","overlay-opacity":"","overlay-gradient":""},"mobile":{"background-color":"","background-image":"","background-repeat":"repeat","background-position":"center center","background-size":"auto","background-attachment":"scroll","background-type":"","background-media":"","overlay-type":"","overlay-color":"","overlay-opacity":"","overlay-gradient":""}},"ast-content-background-meta":{"desktop":{"background-color":"var(--ast-global-color-5)","background-image":"","background-repeat":"repeat","background-position":"center center","background-size":"auto","background-attachment":"scroll","background-type":"","background-media":"","overlay-type":"","overlay-color":"","overlay-opacity":"","overlay-gradient":""},"tablet":{"background-color":"var(--ast-global-color-5)","background-image":"","background-repeat":"repeat","background-position":"center center","background-size":"auto","background-attachment":"scroll","background-type":"","background-media":"","overlay-type":"","overlay-color":"","overlay-opacity":"","overlay-gradient":""},"mobile":{"background-color":"var(--ast-global-color-5)","background-image":"","background-repeat":"repeat","background-position":"center center","background-size":"auto","background-attachment":"scroll","background-type":"","background-media":"","overlay-type":"","overlay-color":"","overlay-opacity":"","overlay-gradient":""}},"footnotes":""},"categories":[],"tags":[],"class_list":["post-48054","page","type-page","status-publish","hentry"],"acf":[],"yoast_head":"<!-- This site is optimized with the Yoast SEO plugin v27.0 - https:\/\/yoast.com\/product\/yoast-seo-wordpress\/ -->\n<title>Politica della parit\u00e0 di genere - Artigo<\/title>\n<meta name=\"robots\" content=\"index, follow, max-snippet:-1, max-image-preview:large, max-video-preview:-1\" \/>\n<link rel=\"canonical\" href=\"https:\/\/www.artigo.com\/it\/politica-parita-di-genere\/\" \/>\n<meta property=\"og:locale\" content=\"it_IT\" \/>\n<meta property=\"og:type\" content=\"article\" \/>\n<meta property=\"og:title\" content=\"Politica della parit\u00e0 di genere - Artigo\" \/>\n<meta property=\"og:description\" content=\"Politica della parit\u00e0 di genere &nbsp; Le persone che fanno parte dell\u2019azienda ne costituiscono il vero vantaggio competitivo. I principi di inclusione e non discriminazione rappresentano, per Artigo S.p.A., valore imprescindibile di civilt\u00e0 e di affermazione dei diritti universali dell\u2019umanit\u00e0, oltre che un fattore strategico per lo sviluppo dell\u2019azienda. Infatti, rendere l\u2019ambiente di lavoro inclusivo [&hellip;]\" \/>\n<meta property=\"og:url\" content=\"https:\/\/www.artigo.com\/it\/politica-parita-di-genere\/\" \/>\n<meta property=\"og:site_name\" content=\"Artigo\" \/>\n<meta property=\"article:modified_time\" content=\"2024-10-21T12:37:56+00:00\" \/>\n<meta name=\"twitter:card\" content=\"summary_large_image\" \/>\n<meta name=\"twitter:label1\" content=\"Tempo di lettura stimato\" \/>\n\t<meta name=\"twitter:data1\" content=\"5 minuti\" \/>\n<script type=\"application\/ld+json\" class=\"yoast-schema-graph\">{\"@context\":\"https:\/\/schema.org\",\"@graph\":[{\"@type\":\"WebPage\",\"@id\":\"https:\/\/www.artigo.com\/it\/politica-parita-di-genere\/\",\"url\":\"https:\/\/www.artigo.com\/it\/politica-parita-di-genere\/\",\"name\":\"Politica della parit\u00e0 di genere - Artigo\",\"isPartOf\":{\"@id\":\"https:\/\/www.artigo.com\/#website\"},\"datePublished\":\"2024-10-18T09:16:32+00:00\",\"dateModified\":\"2024-10-21T12:37:56+00:00\",\"breadcrumb\":{\"@id\":\"https:\/\/www.artigo.com\/it\/politica-parita-di-genere\/#breadcrumb\"},\"inLanguage\":\"it-IT\",\"potentialAction\":[{\"@type\":\"ReadAction\",\"target\":[\"https:\/\/www.artigo.com\/it\/politica-parita-di-genere\/\"]}]},{\"@type\":\"BreadcrumbList\",\"@id\":\"https:\/\/www.artigo.com\/it\/politica-parita-di-genere\/#breadcrumb\",\"itemListElement\":[{\"@type\":\"ListItem\",\"position\":1,\"name\":\"Home\",\"item\":\"https:\/\/www.artigo.com\/it\/\"},{\"@type\":\"ListItem\",\"position\":2,\"name\":\"Politica della parit\u00e0 di genere\"}]},{\"@type\":\"WebSite\",\"@id\":\"https:\/\/www.artigo.com\/#website\",\"url\":\"https:\/\/www.artigo.com\/\",\"name\":\"Artigo\",\"description\":\"Just another WordPress site\",\"publisher\":{\"@id\":\"https:\/\/www.artigo.com\/#organization\"},\"potentialAction\":[{\"@type\":\"SearchAction\",\"target\":{\"@type\":\"EntryPoint\",\"urlTemplate\":\"https:\/\/www.artigo.com\/?s={search_term_string}\"},\"query-input\":{\"@type\":\"PropertyValueSpecification\",\"valueRequired\":true,\"valueName\":\"search_term_string\"}}],\"inLanguage\":\"it-IT\"},{\"@type\":\"Organization\",\"@id\":\"https:\/\/www.artigo.com\/#organization\",\"name\":\"Artigo\",\"url\":\"https:\/\/www.artigo.com\/\",\"logo\":{\"@type\":\"ImageObject\",\"inLanguage\":\"it-IT\",\"@id\":\"https:\/\/www.artigo.com\/#\/schema\/logo\/image\/\",\"url\":\"https:\/\/www.artigo.com\/wp-content\/uploads\/2022\/05\/logo-quater.png\",\"contentUrl\":\"https:\/\/www.artigo.com\/wp-content\/uploads\/2022\/05\/logo-quater.png\",\"width\":170,\"height\":32,\"caption\":\"Artigo\"},\"image\":{\"@id\":\"https:\/\/www.artigo.com\/#\/schema\/logo\/image\/\"}}]}<\/script>\n<!-- \/ Yoast SEO plugin. -->","yoast_head_json":{"title":"Politica della parit\u00e0 di genere - Artigo","robots":{"index":"index","follow":"follow","max-snippet":"max-snippet:-1","max-image-preview":"max-image-preview:large","max-video-preview":"max-video-preview:-1"},"canonical":"https:\/\/www.artigo.com\/it\/politica-parita-di-genere\/","og_locale":"it_IT","og_type":"article","og_title":"Politica della parit\u00e0 di genere - Artigo","og_description":"Politica della parit\u00e0 di genere &nbsp; Le persone che fanno parte dell\u2019azienda ne costituiscono il vero vantaggio competitivo. I principi di inclusione e non discriminazione rappresentano, per Artigo S.p.A., valore imprescindibile di civilt\u00e0 e di affermazione dei diritti universali dell\u2019umanit\u00e0, oltre che un fattore strategico per lo sviluppo dell\u2019azienda. Infatti, rendere l\u2019ambiente di lavoro inclusivo [&hellip;]","og_url":"https:\/\/www.artigo.com\/it\/politica-parita-di-genere\/","og_site_name":"Artigo","article_modified_time":"2024-10-21T12:37:56+00:00","twitter_card":"summary_large_image","twitter_misc":{"Tempo di lettura stimato":"5 minuti"},"schema":{"@context":"https:\/\/schema.org","@graph":[{"@type":"WebPage","@id":"https:\/\/www.artigo.com\/it\/politica-parita-di-genere\/","url":"https:\/\/www.artigo.com\/it\/politica-parita-di-genere\/","name":"Politica della parit\u00e0 di genere - Artigo","isPartOf":{"@id":"https:\/\/www.artigo.com\/#website"},"datePublished":"2024-10-18T09:16:32+00:00","dateModified":"2024-10-21T12:37:56+00:00","breadcrumb":{"@id":"https:\/\/www.artigo.com\/it\/politica-parita-di-genere\/#breadcrumb"},"inLanguage":"it-IT","potentialAction":[{"@type":"ReadAction","target":["https:\/\/www.artigo.com\/it\/politica-parita-di-genere\/"]}]},{"@type":"BreadcrumbList","@id":"https:\/\/www.artigo.com\/it\/politica-parita-di-genere\/#breadcrumb","itemListElement":[{"@type":"ListItem","position":1,"name":"Home","item":"https:\/\/www.artigo.com\/it\/"},{"@type":"ListItem","position":2,"name":"Politica della parit\u00e0 di genere"}]},{"@type":"WebSite","@id":"https:\/\/www.artigo.com\/#website","url":"https:\/\/www.artigo.com\/","name":"Artigo","description":"Just another WordPress site","publisher":{"@id":"https:\/\/www.artigo.com\/#organization"},"potentialAction":[{"@type":"SearchAction","target":{"@type":"EntryPoint","urlTemplate":"https:\/\/www.artigo.com\/?s={search_term_string}"},"query-input":{"@type":"PropertyValueSpecification","valueRequired":true,"valueName":"search_term_string"}}],"inLanguage":"it-IT"},{"@type":"Organization","@id":"https:\/\/www.artigo.com\/#organization","name":"Artigo","url":"https:\/\/www.artigo.com\/","logo":{"@type":"ImageObject","inLanguage":"it-IT","@id":"https:\/\/www.artigo.com\/#\/schema\/logo\/image\/","url":"https:\/\/www.artigo.com\/wp-content\/uploads\/2022\/05\/logo-quater.png","contentUrl":"https:\/\/www.artigo.com\/wp-content\/uploads\/2022\/05\/logo-quater.png","width":170,"height":32,"caption":"Artigo"},"image":{"@id":"https:\/\/www.artigo.com\/#\/schema\/logo\/image\/"}}]}},"_links":{"self":[{"href":"https:\/\/www.artigo.com\/it\/wp-json\/wp\/v2\/pages\/48054","targetHints":{"allow":["GET"]}}],"collection":[{"href":"https:\/\/www.artigo.com\/it\/wp-json\/wp\/v2\/pages"}],"about":[{"href":"https:\/\/www.artigo.com\/it\/wp-json\/wp\/v2\/types\/page"}],"author":[{"embeddable":true,"href":"https:\/\/www.artigo.com\/it\/wp-json\/wp\/v2\/users\/7"}],"replies":[{"embeddable":true,"href":"https:\/\/www.artigo.com\/it\/wp-json\/wp\/v2\/comments?post=48054"}],"version-history":[{"count":20,"href":"https:\/\/www.artigo.com\/it\/wp-json\/wp\/v2\/pages\/48054\/revisions"}],"predecessor-version":[{"id":48139,"href":"https:\/\/www.artigo.com\/it\/wp-json\/wp\/v2\/pages\/48054\/revisions\/48139"}],"wp:attachment":[{"href":"https:\/\/www.artigo.com\/it\/wp-json\/wp\/v2\/media?parent=48054"}],"wp:term":[{"taxonomy":"category","embeddable":true,"href":"https:\/\/www.artigo.com\/it\/wp-json\/wp\/v2\/categories?post=48054"},{"taxonomy":"post_tag","embeddable":true,"href":"https:\/\/www.artigo.com\/it\/wp-json\/wp\/v2\/tags?post=48054"}],"curies":[{"name":"wp","href":"https:\/\/api.w.org\/{rel}","templated":true}]}}